{"id":1025,"date":"2012-12-12T16:00:42","date_gmt":"2012-12-12T15:00:42","guid":{"rendered":"http:\/\/www.hog4.de\/?page_id=1025"},"modified":"2015-09-01T11:03:56","modified_gmt":"2015-09-01T09:03:56","slug":"widget-holder","status":"publish","type":"page","link":"http:\/\/www.hog4.de\/de\/widget-holder","title":{"rendered":"Widget Holder"},"content":{"rendered":"<p><\/p>\n<div class=\"two_third\">\n<h1>Widget Holder<\/h1>\n<p>Der Widget Holder ist ein hochwertiger Aluminiumrahmen mit eloxierter 1HE 19&#8243; Frontblende f\u00fcr die Rack-Montage und erm\u00f6glicht den modifikationsfreien Einbau eines USB DMX Super Widgets und USB MIDI LTC Widgets.<\/p>\n<p>Den Widget Holder gibt es in Varianten f\u00fcr ein einzelnes USB DMX Super Widget, ein einzelnes USB MIDI LTC Widget oder USB DMX Super Widget zusammen mit USB MIDI LTC Widget.<\/p>\n<p>Hervorzuheben ist, da\u00df die Anzeige r\u00fcckw\u00e4rtiger Status LEDs am Frontpanel verf\u00fcgbar ist.<\/p>\n<p><img src=\"\/wp-content\/themes\/wholehog4\/images\/widgetholderfoto.jpg\" alt=\"Widget Holder\" \/><\/p>\n<p><h1>Widget Holder Produktmerkmale<\/h1>\n<ul class=\"enum\">\n<li>Hochwertiges, eloxiertes 19&#8243; Geh\u00e4use (1HE)<\/li>\n<li>Modifikationsfreier Einbau der Widgets<\/li>\n<li>Anzeige der r\u00fcckw\u00e4rtigen Status LEDs am Frontpanel verf\u00fcgbar<\/li>\n<li>Ideal zu kombinieren mit einem Backup 4 Switch der RS 4000er Serie<\/li>\n<\/ul>\n<\/div>\n<div class=\"one_third last\">\n<div class=\"dlt\" style=\"margin-bottom: 20px;\">\n<h1>Hog 4 News<\/h1>\n<p><a href=\"http:\/\/www.facebook.com\/hog4de\" target=\"_blank\"><img src=\"\/wp-content\/themes\/wholehog4\/images\/fb.jpg\" alt=\"Facebook\" \/>facebook.com\/hog4de<\/a>\n<\/div>\n<div class=\"dlt\" style=\"margin-bottom: 20px;\">\n<h1>Empfohlene Downloads<\/h1>\n<ul>\n<li><a href=\"\/downloads\/Hog4System_WidgetHolder_TechnischeDaten_DE.pdf\"><img src=\"\/wp-content\/themes\/wholehog4\/images\/icon_pdf.png\" \/>Hog4&#8230;Holder_TechnischeDaten_DE.pdf<\/a><\/li>\n<\/ul>\n<p><a class=\"more\" href=\"downloads\">Mehr<\/a><\/p>\n<\/div>\n<div class=\"dlt\" style=\"margin-bottom: 20px;\">\n<h1>Zugeh\u00f6rige Produkte<\/h1>\n<ul>\n<li><img src=\"\/wp-content\/themes\/wholehog4\/images\/icon_lnk.png\" \/><a class=\"dlnk\" href=\"dmx-super-widget\">DMX Super Widget<\/a><\/li>\n<li><img src=\"\/wp-content\/themes\/wholehog4\/images\/icon_lnk.png\" \/><a class=\"dlnk\" href=\"midi-ltc-widget\">MIDI LTC Widget<\/a><\/li>\n<li><img src=\"\/wp-content\/themes\/wholehog4\/images\/icon_lnk.png\" \/><a class=\"dlnk\" href=\"switch-rs-4\">Backup 4 Switch RS 4000 Serie<\/a><\/li>\n<\/ul>\n<p><a class=\"more\" href=\"products\">Mehr<\/a><\/p>\n<\/div>\n<div class=\"con\">\n<h1>Kontakt<\/h1>\n<p>Nehmen Sie Kontakt mit uns auf f\u00fcr weitere Informationen oder eine Demonstration.<\/p>\n<p>Arcus Licht- und Pr\u00e4sentationstechnik GmbH<br \/>Obermeiers Feld 2-4<br \/>33104 Paderborn<br \/>GERMANY<\/p>\n<p>Telefon: +49 5254 93069-0<br \/>Telefax: +49 5254 93069-29<br \/>Mail: <a href=\"mailto:hog4@arcus-lighting.com\">hog4@arcus-lighting.com<\/a><\/p>\n<\/div>\n<\/div>\n<div class=\"clearboth\"><\/div>\n<p><\/p>","protected":false},"excerpt":{"rendered":"","protected":false},"author":3,"featured_media":0,"parent":0,"menu_order":0,"comment_status":"open","ping_status":"open","template":"","meta":[],"_links":{"self":[{"href":"http:\/\/www.hog4.de\/de\/wp-json\/wp\/v2\/pages\/1025"}],"collection":[{"href":"http:\/\/www.hog4.de\/de\/wp-json\/wp\/v2\/pages"}],"about":[{"href":"http:\/\/www.hog4.de\/de\/wp-json\/wp\/v2\/types\/page"}],"author":[{"embeddable":true,"href":"http:\/\/www.hog4.de\/de\/wp-json\/wp\/v2\/users\/3"}],"replies":[{"embeddable":true,"href":"http:\/\/www.hog4.de\/de\/wp-json\/wp\/v2\/comments?post=1025"}],"version-history":[{"count":18,"href":"http:\/\/www.hog4.de\/de\/wp-json\/wp\/v2\/pages\/1025\/revisions"}],"predecessor-version":[{"id":1791,"href":"http:\/\/www.hog4.de\/de\/wp-json\/wp\/v2\/pages\/1025\/revisions\/1791"}],"wp:attachment":[{"href":"http:\/\/www.hog4.de\/de\/wp-json\/wp\/v2\/media?parent=1025"}],"curies":[{"name":"wp","href":"https:\/\/api.w.org\/{rel}","templated":true}]}}