{"id":1579,"date":"2013-11-25T11:18:50","date_gmt":"2013-11-25T10:18:50","guid":{"rendered":"http:\/\/www.hog4.de\/?page_id=1579"},"modified":"2019-01-08T15:44:14","modified_gmt":"2019-01-08T14:44:14","slug":"hedge-hog-4","status":"publish","type":"page","link":"http:\/\/www.hog4.de\/de\/hedge-hog-4","title":{"rendered":"Hedge Hog 4"},"content":{"rendered":"<p><\/p>\n<ol>\n<div class=\"two_third\">\n<h1>Hedge Hog 4 Konsole<\/h1>\n<p>Die Hog 4 Range bekommt Zuwachs. Die neue Hedge ist da. Sie ist die derzeit Kleinste unter den Hog 4 Konsolen und wurde hinsichtlich ihrer Ausstattung f\u00fcr kleine und mittlere Shows konzipiert.<\/p>\n<p>Ausgestattet mit der gleichen Software wie auch alle anderen Hog 4 Konsolen, unterst\u00fctzt sie damit auch ArtNet und CITP und aufgrund ihrer Kompaktheit und ihres geringen Gewichts ist selbst ein Transport mit dem Flugzeug einfach zu realisieren.<\/p>\n<p><img id=\"pp\" src=\"\/wp-content\/themes\/wholehog4\/images\/hedgehog4consolefoto.jpg\" alt=\"Hedge Hog 4 Konsole\" \/><\/p>\n<p><h1>Hedge Hog 4 Features<\/h1>\n<ul class=\"enum\">\n<li>Stabile Hog 4 Software<\/li>\n<li>Anzahl an gleichzeitigen Crossfades unlimitiert<\/li>\n<li>Ein 12,0\u201c widescreen Touchscreen<\/li>\n<li>Vier Encoder f\u00fcr die Parametereinstellung<\/li>\n<li>Zw\u00f6lf belegbare Tasten<\/li>\n<li>Zehn Playback Fader<\/li>\n<li>Zwei integrierte DMX Outputs (vier Outputs \u00fcber DMX und Art-Net m\u00f6glich)<\/li>\n<li>Zwei integrierte USB Anschl\u00fcsse, z. B. f\u00fcr Wholehog Wings, MIDI Widget und anderes Zubeh\u00f6r<\/li>\n<li>Eine Pultleuchte<\/li>\n<li>Fixture-Net Adapter<\/li>\n<li>Integrierte Solid State Festplatte<\/li>\n<li>MIDI Eingang und Ausgang, MIDI Show Control und MIDI Timecode \u00fcber optionales, externes Widget<\/li>\n<\/ul>\n<\/div>\n<div class=\"one_third last\">\n<div class=\"dlt\" style=\"margin-bottom: 20px;\">\n<h1>Hog 4 News<\/h1>\n<p><a href=\"http:\/\/www.facebook.com\/hog4de\" target=\"_blank\"><img src=\"\/wp-content\/themes\/wholehog4\/images\/fb.jpg\" alt=\"Facebook\" \/>facebook.com\/hog4de<\/a>\n<\/div>\n<div class=\"dlt\" style=\"margin-bottom: 20px;\">\n<h1>Empfohlene Downloads<\/h1>\n<ul>\n<li><a class=\"dlnk\" href=\"http:\/\/www.highend.com\/pub\/support\/controllers\/software\/Hog4_3-17-0-3327.amd64.iso\"><img src=\"\/wp-content\/themes\/wholehog4\/images\/icon_iso.png\" \/>Hog4_3-17-0-3327.amd64.iso<\/a><\/li>\n<li><a class=\"dlnk\" href=\"http:\/\/www.highend.com\/pub\/support\/controllers\/release_notes\/Hog4_v_releasenotes.pdf\"><img src=\"\/wp-content\/themes\/wholehog4\/images\/icon_pdf.png\" \/>Hog4_v_releasenotes.pdf<\/a><\/li>\n<\/ul>\n<ul>\n<li><a class=\"dlnk\" href=\"\/downloads\/Hog4System_HedgeHog4Konsole_TechnischeDaten_DE.pdf\"><img src=\"\/wp-content\/themes\/wholehog4\/images\/icon_pdf.png\" \/>Hog4&#8230;HedgeHog4_TechnischeDaten_DE.pdf<\/a><\/li>\n<li><a class=\"dlnk\" href=\"\/downloads\/Hog4System_HedgeHog4Console_TechnicalData_EN.pdf\"><img src=\"\/wp-content\/themes\/wholehog4\/images\/icon_pdf.png\" \/>Hog4&#8230;HedgeHog4_TechnicalData_EN.pdf<\/a><\/li>\n<li><a class=\"dlnk\" href=\"\/downloads\/Hog4System_Vergleich_DE.pdf\"><img src=\"\/wp-content\/themes\/wholehog4\/images\/icon_pdf.png\" \/>Hog4System_Vergleich_DE.pdf<\/a><\/li>\n<li><a class=\"dlnk\" href=\"\/downloads\/Hog4System_Comparison_EN.pdf\"><img src=\"\/wp-content\/themes\/wholehog4\/images\/icon_pdf.png\" \/>Hog4System_Comparison_EN.pdf<\/a><\/li>\n<\/ul>\n<p><a class=\"more\" href=\"downloads\">Mehr<\/a><\/p>\n<\/div>\n<div class=\"dlt\" style=\"margin-bottom: 20px;\">\n<h1>Zugeh\u00f6rige Produkte<\/h1>\n<ul>\n<li><img src=\"\/wp-content\/themes\/wholehog4\/images\/icon_lnk.png\" \/><a class=\"dlnk\" href=\"hog-4-pc\">Hog 4 PC<\/a><\/li>\n<p><a class=\"more\" href=\"products\">Mehr<\/a><\/p>\n<\/div>\n<div class=\"dlt\" style=\"margin-bottom: 20px;\">\n<h1>Empfohlenes Zubeh\u00f6r<\/h1>\n<p><a class=\"dlnk\" href=\"switch-rs-4\"><img src=\"\/wp-content\/themes\/wholehog4\/images\/backup4rs4000nadvert.jpg\" alt=\"Backup 4 Switch RS 4000N\" \/><\/a><\/p>\n<ul>\n<li><img src=\"\/wp-content\/themes\/wholehog4\/images\/icon_lnk.png\" \/><a class=\"dlnk\" href=\"switch-rs-4\">Backup 4 Switch RS 4000N<\/a><\/li>\n<\/ul>\n<p><a class=\"more\" href=\"products\">Mehr<\/a><\/p>\n<\/div>\n<div class=\"con\">\n<h1>Kontakt<\/h1>\n<p>Nehmen Sie Kontakt mit uns auf f\u00fcr weitere Informationen oder eine Demonstration.<\/p>\n<p>Arcus Licht- und Pr\u00e4sentationstechnik GmbH<br \/>Obermeiers Feld 2-4<br \/>33104 Paderborn<br \/>GERMANY<\/p>\n<p>Telefon: +49 5254 93069-0<br \/>Telefax: +49 5254 93069-29<br \/>Mail: <a href=\"mailto:hog4@arcus-lighting.com\">hog4@arcus-lighting.com<\/a><\/p>\n<\/div>\n<\/div>\n<div class=\"clearboth\"><\/div>\n<p><\/p>","protected":false},"excerpt":{"rendered":"","protected":false},"author":3,"featured_media":0,"parent":0,"menu_order":0,"comment_status":"open","ping_status":"open","template":"","meta":[],"_links":{"self":[{"href":"http:\/\/www.hog4.de\/de\/wp-json\/wp\/v2\/pages\/1579"}],"collection":[{"href":"http:\/\/www.hog4.de\/de\/wp-json\/wp\/v2\/pages"}],"about":[{"href":"http:\/\/www.hog4.de\/de\/wp-json\/wp\/v2\/types\/page"}],"author":[{"embeddable":true,"href":"http:\/\/www.hog4.de\/de\/wp-json\/wp\/v2\/users\/3"}],"replies":[{"embeddable":true,"href":"http:\/\/www.hog4.de\/de\/wp-json\/wp\/v2\/comments?post=1579"}],"version-history":[{"count":39,"href":"http:\/\/www.hog4.de\/de\/wp-json\/wp\/v2\/pages\/1579\/revisions"}],"predecessor-version":[{"id":2477,"href":"http:\/\/www.hog4.de\/de\/wp-json\/wp\/v2\/pages\/1579\/revisions\/2477"}],"wp:attachment":[{"href":"http:\/\/www.hog4.de\/de\/wp-json\/wp\/v2\/media?parent=1579"}],"curies":[{"name":"wp","href":"https:\/\/api.w.org\/{rel}","templated":true}]}}