{"id":1797,"date":"2014-03-13T10:21:34","date_gmt":"2014-03-13T09:21:34","guid":{"rendered":"http:\/\/www.hog4.de\/?page_id=1797"},"modified":"2021-11-26T11:22:06","modified_gmt":"2021-11-26T10:22:06","slug":"nano-docking-4","status":"publish","type":"page","link":"http:\/\/www.hog4.de\/de\/nano-docking-4","title":{"rendered":"Nano Docking 4"},"content":{"rendered":"<p><\/p>\n<div class=\"two_third\">\n<h1>Nano Docking 4<\/h1>\n<p>Die neue Nano Docking 4 paart die robuste Hog 4 Operating Software und den Nano Hog 4 Hardware Kontroller von High End Systems zusammen mit speziell entwickelter Hard- und Software von Arcus zu einem hochwertigen &#8222;state of the art&#8220; Konsolensystem. <img id=\"pp\" alt=\"Nano Docking 4\" src=\"\/wp-content\/uploads\/2014\/03\/FotoNanoDocking4Web.jpg\" \/><\/p>\n<h1>Nano Docking 4 Features<\/h1>\n<ul class=\"enum\">\n<li>High Performance i5 Quad Core 3.6 GHz Turbo CPU von INTEL<\/li>\n<li>High Performance Intel basierendes Industrie-Motherboard<\/li>\n<li>High Performance 60 GByte SSD Solid State Hard Disk<\/li>\n<li>21,5-Zoll verstellbarer Full HD Touch-Monitor mit einer maximalen Aufl\u00f6sung von 1920&#215;1080.<\/li>\n<li>DMX-Kan\u00e4le: null, vier oder acht Ausg\u00e4nge (je nach Ausstattung des Nano Kontrollers) stehen an der R\u00fcckseite der Nano Docking zur Verf\u00fcgung.<\/li>\n<li>2 \u00d7 Monitor Ausg\u00e4nge f\u00fcr weitere, optionale Touch-Monitore (DVI-D und Display Port).<\/li>\n<li>2 \u00d7 EtherCon Gigabit Ethernet Ausg\u00e4nge f\u00fcr gesondertes Hog-Net und Fixture-Net.<\/li>\n<li>3 \u00d7 USB 3.0 Anschl\u00fcsse f\u00fcr zus\u00e4tzliche HES Widgets und\/oder weiterer Peripherie wie Festplatten und USB Sticks.<\/li>\n<li>Tastaturauszug inkl. beleuchteter Tastatur und weiterem USB 2.0 Port f\u00fcr weitere Peripherie wie Festplatten und USB Sticks oder zum Aufladen eines Handys in der Schublade.<\/li>\n<li>MIDI Interface: optional MIDI In, Out, Thru f\u00fcr MTC Midi Time Code und\/oder MSC Midi Show Control.<\/li>\n<\/ul>\n<h1>Verschiedene Varianten erh\u00e4ltlich:<\/h1>\n<ul class=\"enum\">\n<li>optional mit Nano<\/li>\n<li>optional mit Expansion Tube<\/li>\n<li>optional mit MIDI\/Timecode Interface<\/li>\n<li>optional mit Flightcase<\/li>\n<\/ul>\n<h1>Option Expansion Tube 4:<\/h1>\n<p><img id=\"pp\" alt=\"Expansion Tube 4\" src=\"\/wp-content\/uploads\/2014\/03\/FotoExpansionTube4Web.jpg\" \/><\/p>\n<ul class=\"enum\">\n<li>18 zus\u00e4tzliche, individuell belegbare Tasten pro Page.<\/li>\n<li>Pro Taste und Page k\u00f6nnen bis zu vier MSC Befehle hintereinander gespeichert werden.<\/li>\n<li>Einfaches Aufzeichnen der MSC Befehle durch Self-Learning-Modus (keine speziellen Programmierkenntnisse erforderlich).<\/li>\n<\/ul>\n<\/div>\n<div class=\"one_third last\">\n<div class=\"dlt\" style=\"margin-bottom: 20px;\">\n<h1>Hog 4 News<\/h1>\n<p><a href=\"http:\/\/www.facebook.com\/hog4de\" target=\"_blank\"><img alt=\"Facebook\" src=\"\/wp-content\/themes\/wholehog4\/images\/fb.jpg\" \/>facebook.com\/hog4de<\/a><\/div>\n<div class=\"dlt\" style=\"margin-bottom: 20px;\">\n<h1>Empfohlene Downloads<\/h1>\n<ul>\n<li><a class=\"dlnk\" href=\"https:\/\/www.etcconnect.com\/WorkArea\/DownloadAsset.aspx?id=10737509271\"><img alt=\"\" src=\"\/wp-content\/themes\/wholehog4\/images\/icon_msi.png\" \/>Hog4_PC_3-17-0-3327.msi<\/a><\/li>\n<li><a href=\"\/downloads\/Hog4System_NanoHog4Kontroller_TechnischeDaten_DE.pdf\"><img alt=\"\" src=\"\/wp-content\/themes\/wholehog4\/images\/icon_pdf.png\" \/>Hog4&#8230;Nano&#8230;_TechnischeDaten_DE.pdf<\/a><\/li>\n<li><a href=\"\/downloads\/Hog4System_NanoHog4Controller_TechnicalData_EN.pdf\"><img alt=\"\" src=\"\/wp-content\/themes\/wholehog4\/images\/icon_pdf.png\" \/>Hog4&#8230;Nano&#8230;_TechnicalData_EN.pdf<\/a><\/li>\n<li><a href=\"\/downloads\/Hog4System_Vergleich_DE.pdf\"><img alt=\"\" src=\"\/wp-content\/themes\/wholehog4\/images\/icon_pdf.png\" \/>Hog4System_Vergleich_DE.pdf<\/a><\/li>\n<li><a href=\"\/downloads\/Hog4System_Comparison_EN.pdf\"><img alt=\"\" src=\"\/wp-content\/themes\/wholehog4\/images\/icon_pdf.png\" \/>Hog4System_Comparison_EN.pdf<\/a><\/li>\n<\/ul>\n<p><a class=\"more\" href=\"downloads\">Mehr<\/a><\/div>\n<div class=\"dlt\" style=\"margin-bottom: 20px;\">\n<h1>Zugeh\u00f6rige Produkte<\/h1>\n<ul>\n<li><img alt=\"\" src=\"\/wp-content\/themes\/wholehog4\/images\/icon_lnk.png\" \/><a class=\"dlnk\" href=\"hog-4-pc\">Hog 4 PC<\/a><\/li>\n<li><img alt=\"\" src=\"\/wp-content\/themes\/wholehog4\/images\/icon_lnk.png\" \/><a class=\"dlnk\" href=\"dmx-super-widget\">DMX Super Widget<\/a><\/li>\n<li><img alt=\"\" src=\"\/wp-content\/themes\/wholehog4\/images\/icon_lnk.png\" \/><a class=\"dlnk\" href=\"dmx-widget\">DMX Widget<\/a><\/li>\n<li><img alt=\"\" src=\"\/wp-content\/themes\/wholehog4\/images\/icon_lnk.png\" \/><a class=\"dlnk\" href=\"midi-ltc-widget\">MIDI LTC Widget<\/a><\/li>\n<\/ul>\n<p><a class=\"more\" href=\"products\">Mehr<\/a><\/div>\n<div class=\"con\">\n<h1>Kontakt<\/h1>\n<p>Nehmen Sie Kontakt mit uns auf f\u00fcr weitere Informationen oder eine Demonstration. Arcus Licht- und Pr\u00e4sentationstechnik GmbH Obermeiers Feld 2-4 33104 Paderborn GERMANY Telefon: +49 5254 93069-0 Telefax: +49 5254 93069-29 Mail: <a href=\"mailto:hog4@arcus-lighting.com\">hog4@arcus-lighting.com<\/a> <\/div>\n<\/div>\n<div class=\"clearboth\"><\/div>\n<p><\/p>","protected":false},"excerpt":{"rendered":"","protected":false},"author":3,"featured_media":0,"parent":0,"menu_order":0,"comment_status":"closed","ping_status":"closed","template":"","meta":[],"_links":{"self":[{"href":"http:\/\/www.hog4.de\/de\/wp-json\/wp\/v2\/pages\/1797"}],"collection":[{"href":"http:\/\/www.hog4.de\/de\/wp-json\/wp\/v2\/pages"}],"about":[{"href":"http:\/\/www.hog4.de\/de\/wp-json\/wp\/v2\/types\/page"}],"author":[{"embeddable":true,"href":"http:\/\/www.hog4.de\/de\/wp-json\/wp\/v2\/users\/3"}],"replies":[{"embeddable":true,"href":"http:\/\/www.hog4.de\/de\/wp-json\/wp\/v2\/comments?post=1797"}],"version-history":[{"count":36,"href":"http:\/\/www.hog4.de\/de\/wp-json\/wp\/v2\/pages\/1797\/revisions"}],"predecessor-version":[{"id":2569,"href":"http:\/\/www.hog4.de\/de\/wp-json\/wp\/v2\/pages\/1797\/revisions\/2569"}],"wp:attachment":[{"href":"http:\/\/www.hog4.de\/de\/wp-json\/wp\/v2\/media?parent=1797"}],"curies":[{"name":"wp","href":"https:\/\/api.w.org\/{rel}","templated":true}]}}