{"id":189,"date":"2012-10-23T10:46:41","date_gmt":"2012-10-23T08:46:41","guid":{"rendered":"http:\/\/www.hog4.de\/?page_id=189"},"modified":"2019-01-08T15:48:13","modified_gmt":"2019-01-08T14:48:13","slug":"road-hog-4","status":"publish","type":"page","link":"http:\/\/www.hog4.de\/de\/road-hog-4","title":{"rendered":"Road Hog 4"},"content":{"rendered":"<p><\/p>\n<div class=\"two_third\">\n<h1>Road Hog 4 Konsole<\/h1>\n<p>Durch Ihren sehr attraktiven Preis und der kleinen Gr\u00f6\u00dfe ist es nicht nur ein Pult f\u00fcr kleine und mittelgro\u00dfe Events, sondern auch f\u00fcr das Touring eine ideale Erg\u00e4nzung.<\/p>\n<p>Durch die Erweiterbarkeit der Road Hog 4 Konsole durch Wings, Widgets und DP8000 ist sie ebenso universell einsetzbar wie eine Hog 4.<\/p>\n<p><img id=\"pp\" src=\"\/wp-content\/themes\/wholehog4\/images\/roadhog4consolefoto.jpg\" alt=\"Road Hog 4 Konsole\" \/><\/p>\n<table style=\"width:100%\">\n<tr>\n<td><a href=\"javascript:void(0)\" onclick=\"pp.src='\/wp-content\/themes\/wholehog4\/images\/roadhog4consolefoto.jpg'\"><img src=\"\/wp-content\/themes\/wholehog4\/images\/roadhog4thumb.jpg\" alt=\"Road Hog 4 Konsole\" \/><\/a><\/td>\n<td><a href=\"javascript:void(0)\" onclick=\"pp.src='\/wp-content\/themes\/wholehog4\/images\/roadhog4backfoto.jpg'\"><img src=\"\/wp-content\/themes\/wholehog4\/images\/roadhog4backthumb.jpg\" alt=\"Road Hog 4 Konsole\" \/><\/a><\/td>\n<td><a href=\"javascript:void(0)\" onclick=\"pp.src='\/wp-content\/themes\/wholehog4\/images\/roadhog4topfoto.jpg'\"><img src=\"\/wp-content\/themes\/wholehog4\/images\/roadhog4topthumb.jpg\" alt=\"Road Hog 4 Konsole\" \/><\/a><\/td>\n<\/tr>\n<\/table>\n<p><h1>Road Hog 4 Features<\/h1>\n<ul class=\"enum\">\n<li>Stabile Hog 4 Software<\/li>\n<li>Ein 22\u201c widescreen Multi-Touchscreen, f\u00fcr eine gro\u00dfe \u00dcbersicht<\/li>\n<li>Ein weiterer externe Monitore oder Touchscreens anschlie\u00dfbar<\/li>\n<li>Vier Encoder f\u00fcr die Parametereinstellung<\/li>\n<li>Zw\u00f6lf belegbare Tasten<\/li>\n<li>Zehn nicht motorisierte Fader<\/li>\n<li>Vier integrierte DMX Outputs (8 Outputs \u00fcber DMX und Art-Net m\u00f6glich)<\/li>\n<li>\u00dcber DP 8000 DMX Prozessor weitere DMX und Art-Net Outputs m\u00f6glich<\/li>\n<li>Hog-Net Adapter<\/li>\n<li>Fixture-Net Adapter<\/li>\n<li>Solid State Festplatte<\/li>\n<li>Integriertes CD\/DVD Laufwerk<\/li>\n<li>SMPTE\/Midi \u00fcber optionale USB MIDI\/LTC Widgets<\/li>\n<li>F\u00fcnf USB Anschl\u00fcsse z. B. f\u00fcr Wings und Widgets<\/li>\n<li>Roadcase optional verf\u00fcgbar<\/li>\n<\/ul>\n<p><h1>Road Hog 4 Software Daten<\/h1>\n<ul class=\"enum\">\n<li>Kompatibilit\u00e4t zu allen Widgets und Wings der Wholehog III Serie<\/li>\n<li>Spezielle User Kinds<\/li>\n<li>Console Lock Funktion<\/li>\n<li>Zusammengef\u00fchrte Library<\/li>\n<li>OSC Kompatibilit\u00e4t<\/li>\n<li>Schnelles Booten der Konsole<\/li>\n<li>Hog 3 Shows k\u00f6nnen in einer Hog 4 Konsolen geladen werden<\/li>\n<li>Hog 4 Shows sind in die Hog 3 Software 3.2.6 konvertierbar, Kompatibilit\u00e4t ist gegeben<\/li>\n<li>Installation vom USB Stick m\u00f6glich<\/li>\n<li>Bis zu acht LTC\/Midi Widgets m\u00f6glich<\/li>\n<li>Parameter Wheelsets einfacher und freier konfigurierbar<\/li>\n<li>Alle Fensterinhalte lassen sich als PDF drucken und \u00fcber einen USB Stick auf einen Rechner \u00fcbertragen<\/li>\n<li>Alle vier Konsolen sind untereinander netzwerkf\u00e4hig und mit Wings und Widgets erweiterbar<\/li>\n<\/ul>\n<\/div>\n<div class=\"one_third last\">\n<div class=\"dlt\" style=\"margin-bottom: 20px;\">\n<h1>Hog 4 News<\/h1>\n<p><a href=\"http:\/\/www.facebook.com\/hog4de\" target=\"_blank\"><img src=\"\/wp-content\/themes\/wholehog4\/images\/fb.jpg\" alt=\"Facebook\" \/>facebook.com\/hog4de<\/a>\n<\/div>\n<div class=\"dlt\" style=\"margin-bottom: 20px;\">\n<h1>Empfohlene Downloads<\/h1>\n<ul>\n<li><a class=\"dlnk\" href=\"http:\/\/www.highend.com\/pub\/support\/controllers\/software\/Hog4_3-17-0-3327.amd64.iso\"><img src=\"\/wp-content\/themes\/wholehog4\/images\/icon_iso.png\" \/>Hog4_3-17-0-3327.amd64.iso<\/a><\/li>\n<li><a class=\"dlnk\" href=\"http:\/\/www.highend.com\/pub\/support\/controllers\/release_notes\/Hog4_v_releasenotes.pdf\"><img src=\"\/wp-content\/themes\/wholehog4\/images\/icon_pdf.png\" \/>Hog4_v_releasenotes.pdf<\/a><\/li>\n<\/ul>\n<ul>\n<li><a class=\"dlnk\" href=\"\/downloads\/Hog4System_RoadHog4Konsole_TechnischeDaten_DE.pdf\"><img src=\"\/wp-content\/themes\/wholehog4\/images\/icon_pdf.png\" \/>Hog4&#8230;RoadHog4_TechnischeDaten_DE.pdf<\/a><\/li>\n<li><a class=\"dlnk\" href=\"\/downloads\/Hog4System_RoadHog4Console_TechnicalData_EN.pdf\"><img src=\"\/wp-content\/themes\/wholehog4\/images\/icon_pdf.png\" \/>Hog4&#8230;RoadHog4_TechnicalData_EN.pdf<\/a><\/li>\n<li><a class=\"dlnk\" href=\"\/downloads\/Hog4System_Vergleich_DE.pdf\"><img src=\"\/wp-content\/themes\/wholehog4\/images\/icon_pdf.png\" \/>Hog4System_Vergleich_DE.pdf<\/a><\/li>\n<li><a class=\"dlnk\" href=\"\/downloads\/Hog4System_Comparison_EN.pdf\"><img src=\"\/wp-content\/themes\/wholehog4\/images\/icon_pdf.png\" \/>Hog4System_Comparison_EN.pdf<\/a><\/li>\n<\/ul>\n<p><a class=\"more\" href=\"downloads\">Mehr<\/a><\/p>\n<\/div>\n<div class=\"dlt\" style=\"margin-bottom: 20px;\">\n<h1>Zugeh\u00f6rige Produkte<\/h1>\n<ul>\n<li><img src=\"\/wp-content\/themes\/wholehog4\/images\/icon_lnk.png\" \/><a class=\"dlnk\" href=\"hog-4-pc\">Hog 4 PC<\/a><\/li>\n<\/ul>\n<p><a class=\"more\" href=\"products\">Mehr<\/a><\/p>\n<\/div>\n<div class=\"dlt\" style=\"margin-bottom: 20px;\">\n<h1>Empfohlenes Zubeh\u00f6r<\/h1>\n<p><a class=\"dlnk\" href=\"switch-rs-4\"><img src=\"\/wp-content\/themes\/wholehog4\/images\/backup4rs4000nadvert.jpg\" alt=\"Backup 4 Switch RS 4000N\" \/><\/a><\/p>\n<ul>\n<li><img src=\"\/wp-content\/themes\/wholehog4\/images\/icon_lnk.png\" \/><a class=\"dlnk\" href=\"switch-rs-4\">Backup 4 Switch RS 4000N<\/a><\/li>\n<\/ul>\n<p><a class=\"more\" href=\"products\">Mehr<\/a><\/p>\n<\/div>\n<div class=\"con\">\n<h1>Kontakt<\/h1>\n<p>Nehmen Sie Kontakt mit uns auf f\u00fcr weitere Informationen oder eine Demonstration.<\/p>\n<p>Arcus Licht- und Pr\u00e4sentationstechnik GmbH<br \/>Obermeiers Feld 2-4<br \/>33104 Paderborn<br \/>GERMANY<\/p>\n<p>Telefon: +49 5254 93069-0<br \/>Telefax: +49 5254 93069-29<br \/>Mail: <a href=\"mailto:hog4@arcus-lighting.com\">hog4@arcus-lighting.com<\/a><\/p>\n<\/div>\n<\/div>\n<div class=\"clearboth\"><\/div>\n<p><\/p>","protected":false},"excerpt":{"rendered":"","protected":false},"author":4,"featured_media":0,"parent":0,"menu_order":0,"comment_status":"open","ping_status":"open","template":"","meta":[],"_links":{"self":[{"href":"http:\/\/www.hog4.de\/de\/wp-json\/wp\/v2\/pages\/189"}],"collection":[{"href":"http:\/\/www.hog4.de\/de\/wp-json\/wp\/v2\/pages"}],"about":[{"href":"http:\/\/www.hog4.de\/de\/wp-json\/wp\/v2\/types\/page"}],"author":[{"embeddable":true,"href":"http:\/\/www.hog4.de\/de\/wp-json\/wp\/v2\/users\/4"}],"replies":[{"embeddable":true,"href":"http:\/\/www.hog4.de\/de\/wp-json\/wp\/v2\/comments?post=189"}],"version-history":[{"count":58,"href":"http:\/\/www.hog4.de\/de\/wp-json\/wp\/v2\/pages\/189\/revisions"}],"predecessor-version":[{"id":2479,"href":"http:\/\/www.hog4.de\/de\/wp-json\/wp\/v2\/pages\/189\/revisions\/2479"}],"wp:attachment":[{"href":"http:\/\/www.hog4.de\/de\/wp-json\/wp\/v2\/media?parent=189"}],"curies":[{"name":"wp","href":"https:\/\/api.w.org\/{rel}","templated":true}]}}