{"id":193,"date":"2012-10-23T10:56:35","date_gmt":"2012-10-23T08:56:35","guid":{"rendered":"http:\/\/www.hog4.de\/?page_id=193"},"modified":"2019-01-08T15:51:05","modified_gmt":"2019-01-08T14:51:05","slug":"nano-hog-4","status":"publish","type":"page","link":"http:\/\/www.hog4.de\/de\/nano-hog-4","title":{"rendered":"Nano Hog 4"},"content":{"rendered":"<p><\/p>\n<div class=\"two_third\">\n<h1>Nano Hog 4 Kontroller<\/h1>\n<p>Zusammen mit der Hog 4 PC Software ist die Nano Hog 4 eine leistungsstarke Konsole mit vielen M\u00f6glichkeiten. Sie ist klein und leicht, aber hat trotzdem alle n\u00f6tigen Playbacks und Funktionen verf\u00fcgbar um eine schnelle Programmierung gew\u00e4hrleisten zu k\u00f6nnen.<\/p>\n<p><img id=\"pp\" src=\"\/wp-content\/themes\/wholehog4\/images\/nanohog4foto.jpg\" alt=\"Nano Hog 4 Kontroller\" \/><\/p>\n<table style=\"width:100%\">\n<tr>\n<td><a href=\"javascript:void(0)\" onclick=\"pp.src='\/wp-content\/themes\/wholehog4\/images\/nanohog4foto.jpg'\"><img src=\"\/wp-content\/themes\/wholehog4\/images\/nanohog4thumb.jpg\" alt=\"Nano Hog 4 Kontroller\" \/><\/a><\/td>\n<td><a href=\"javascript:void(0)\" onclick=\"pp.src='\/wp-content\/themes\/wholehog4\/images\/nanohog4fotoback.jpg'\"><img src=\"\/wp-content\/themes\/wholehog4\/images\/nanohog4backthumb.jpg\" alt=\"Nano Hog 4 Kontroller\" \/><\/a><\/td>\n<td><a href=\"javascript:void(0)\" onclick=\"pp.src='\/wp-content\/themes\/wholehog4\/images\/nanohog4fototop.jpg'\"><img src=\"\/wp-content\/themes\/wholehog4\/images\/nanohog4topthumb.jpg\" alt=\"Nano Hog 4 Kontroller\" \/><\/a><\/td>\n<\/tr>\n<\/table>\n<p><h1>Nano Hog 4 Features<\/h1>\n<ul class=\"enum\">\n<li>kleine robuste Wing f\u00fcr Hog 4 PC software<\/li>\n<li>schmales Design<\/li>\n<li>alle wichtigen Tasten und Funktionen vorhanden<\/li>\n<li>leicht transportierbar<\/li>\n<li>zwei Slots f\u00fcr DMX Widget Erweiterungskarten (bis zu acht DMX und Art-Net Outputs m\u00f6glich)<\/li>\n<li>vier DMX Outputs integriert (ein Slot dadurch bereits belegt)<\/li>\n<li>\u00fcber DP 8000 DMX Prozessor weitere DMX und Art-Net Outputs m\u00f6glich<\/li>\n<li>Midi\/LTC Karten oder Widgets anschlie\u00dfbar<\/li>\n<li>vier Encoder f\u00fcr die Parametereinstellung<\/li>\n<li>zw\u00f6lf belegbare Tasten<\/li>\n<li>zehn nicht motorisierte Fader<\/li>\n<li>Zwei USB Anschl\u00fcsse f\u00fcr Wings und Widgets<\/li>\n<li>Stromversorgung \u00fcber externe PSU<\/li>\n<li>Roadcase optional verf\u00fcgbar<\/li>\n<\/ul>\n<p><h1>Nano Hog 4 Software Daten<\/h1>\n<ul class=\"enum\">\n<li>Kompatibilit\u00e4t zu allen Widgets und Wings der Wholehog III Serie<\/li>\n<li>spezielle User Kinds<\/li>\n<li>Console Lock Funktion<\/li>\n<li>zusammengef\u00fchrte Library<\/li>\n<li>OSC Kompatibilit\u00e4t<\/li>\n<li>Hog 3 PC Shows k\u00f6nnen in der Hog 4 PC geladen werden<\/li>\n<li>Hog 4 PC Shows sind in die Hog 3 PC Software 3.2.6 konvertierbar, Kompatibilit\u00e4t ist gegeben<\/li>\n<li>Parameter Wheelsets einfacher und freier konfigurierbar<\/li>\n<li>alle Fensterinhalte lassen sich als PDF drucken und \u00fcber einen USB Stick auf einen Rechner \u00fcbertragen<\/li>\n<li>alle vier Konsolen sind untereinander netzwerkf\u00e4hig und mit Wings und Widgets erweiterbar<\/li>\n<\/ul>\n<\/div>\n<div class=\"one_third last\">\n<div class=\"dlt\" style=\"margin-bottom: 20px;\">\n<h1>Hog 4 News<\/h1>\n<p><a href=\"http:\/\/www.facebook.com\/hog4de\" target=\"_blank\"><img src=\"\/wp-content\/themes\/wholehog4\/images\/fb.jpg\" alt=\"Facebook\" \/>facebook.com\/hog4de<\/a>\n<\/div>\n<div class=\"dlt\" style=\"margin-bottom: 20px;\">\n<h1>Empfohlene Downloads<\/h1>\n<ul>\n<li><a class=\"dlnk\" href=\"http:\/\/www.highend.com\/pub\/support\/controllers\/software\/Hog4_PC_3-17-0-3327.msi\"><img src=\"\/wp-content\/themes\/wholehog4\/images\/icon_msi.png\" \/>Hog4_PC_3-17-0-3327.msi<\/a><\/li>\n<li><a href=\"\/downloads\/Hog4System_NanoHog4Kontroller_TechnischeDaten_DE.pdf\"><img src=\"\/wp-content\/themes\/wholehog4\/images\/icon_pdf.png\" \/>Hog4&#8230;Nano&#8230;_TechnischeDaten_DE.pdf<\/a><\/li>\n<li><a href=\"\/downloads\/Hog4System_NanoHog4Controller_TechnicalData_EN.pdf\"><img src=\"\/wp-content\/themes\/wholehog4\/images\/icon_pdf.png\" \/>Hog4&#8230;Nano&#8230;_TechnicalData_EN.pdf<\/a><\/li>\n<li><a href=\"\/downloads\/Hog4System_Vergleich_DE.pdf\"><img src=\"\/wp-content\/themes\/wholehog4\/images\/icon_pdf.png\" \/>Hog4System_Vergleich_DE.pdf<\/a><\/li>\n<li><a href=\"\/downloads\/Hog4System_Comparison_EN.pdf\"><img src=\"\/wp-content\/themes\/wholehog4\/images\/icon_pdf.png\" \/>Hog4System_Comparison_EN.pdf<\/a><\/li>\n<\/ul>\n<p><a class=\"more\" href=\"downloads\">Mehr<\/a><\/p>\n<\/div>\n<div class=\"dlt\" style=\"margin-bottom: 20px;\">\n<h1>Zugeh\u00f6rige Produkte<\/h1>\n<ul>\n<li><img src=\"\/wp-content\/themes\/wholehog4\/images\/icon_lnk.png\" \/><a class=\"dlnk\" href=\"hog-4-pc\">Hog 4 PC<\/a><\/li>\n<li><img src=\"\/wp-content\/themes\/wholehog4\/images\/icon_lnk.png\" \/><a class=\"dlnk\" href=\"dmx-super-widget\">DMX Super Widget<\/a><\/li>\n<li><img src=\"\/wp-content\/themes\/wholehog4\/images\/icon_lnk.png\" \/><a class=\"dlnk\" href=\"dmx-widget\">DMX Widget<\/a><\/li>\n<li><img src=\"\/wp-content\/themes\/wholehog4\/images\/icon_lnk.png\" \/><a class=\"dlnk\" href=\"midi-ltc-widget\">MIDI LTC Widget<\/a><\/li>\n<\/ul>\n<p><a class=\"more\" href=\"products\">Mehr<\/a><\/p>\n<\/div>\n<div class=\"con\">\n<h1>Kontakt<\/h1>\n<p>Nehmen Sie Kontakt mit uns auf f\u00fcr weitere Informationen oder eine Demonstration.<\/p>\n<p>Arcus Licht- und Pr\u00e4sentationstechnik GmbH<br \/>Obermeiers Feld 2-4<br \/>33104 Paderborn<br \/>GERMANY<\/p>\n<p>Telefon: +49 5254 93069-0<br \/>Telefax: +49 5254 93069-29<br \/>Mail: <a href=\"mailto:hog4@arcus-lighting.com\">hog4@arcus-lighting.com<\/a><\/p>\n<\/div>\n<\/div>\n<div class=\"clearboth\"><\/div>\n<p><\/p>","protected":false},"excerpt":{"rendered":"","protected":false},"author":4,"featured_media":0,"parent":0,"menu_order":0,"comment_status":"open","ping_status":"open","template":"","meta":[],"_links":{"self":[{"href":"http:\/\/www.hog4.de\/de\/wp-json\/wp\/v2\/pages\/193"}],"collection":[{"href":"http:\/\/www.hog4.de\/de\/wp-json\/wp\/v2\/pages"}],"about":[{"href":"http:\/\/www.hog4.de\/de\/wp-json\/wp\/v2\/types\/page"}],"author":[{"embeddable":true,"href":"http:\/\/www.hog4.de\/de\/wp-json\/wp\/v2\/users\/4"}],"replies":[{"embeddable":true,"href":"http:\/\/www.hog4.de\/de\/wp-json\/wp\/v2\/comments?post=193"}],"version-history":[{"count":61,"href":"http:\/\/www.hog4.de\/de\/wp-json\/wp\/v2\/pages\/193\/revisions"}],"predecessor-version":[{"id":2481,"href":"http:\/\/www.hog4.de\/de\/wp-json\/wp\/v2\/pages\/193\/revisions\/2481"}],"wp:attachment":[{"href":"http:\/\/www.hog4.de\/de\/wp-json\/wp\/v2\/media?parent=193"}],"curies":[{"name":"wp","href":"https:\/\/api.w.org\/{rel}","templated":true}]}}