{"id":2228,"date":"2015-12-09T12:06:45","date_gmt":"2015-12-09T11:06:45","guid":{"rendered":"http:\/\/www.hog4.de\/?page_id=2228"},"modified":"2015-12-15T18:11:36","modified_gmt":"2015-12-15T17:11:36","slug":"dlhd","status":"publish","type":"page","link":"http:\/\/www.hog4.de\/de\/dlhd-special\/dlhd","title":{"rendered":"DLHD"},"content":{"rendered":"<p><\/p>\n<div class=\"two_third\">\n<h1>DLHD &#8211; Digital Lighting in High Definition<\/h1>\n<p>Der DLHD von High End Systems ist das erste High Definition Movinglight auf dem Markt. High End Systems hat mit diesem Scheinwerfer eine Revolution auf dem Markt geschaffen. Mit dem integrierten Axon HD Medienserver und dem 7.000 Ansilumen starken HD Beamer ist der DLHD ein innovativer und flexibler Scheinwerfer f\u00fcr jegliche Anwendungen.<\/p>\n<p>Der DLHD kommt gef\u00fcllt mit Content, wie einer gro\u00dfen Anzahl an Bildern, Videos und Animationen in HD Qualit\u00e4t. Die integrierte Quadrive Engine liefert ein helles, klares und sch\u00f6nes Bild. Die Arbeit mit dem DLHD erfolgt wie mit jedem anderen intelligenten Scheinwerfer auch. Die Steuerung erfolgt \u00fcber DMX oder Art-Net. Durch die Einfachheit erm\u00f6glicht der DLHD einen sehr schnellen Einsatz.<\/p>\n<p>\u00dcber das CMA Programm lassen sich schnell und einfach eigene Videos oder Bilder auf den Server legen. Zus\u00e4tzlich bietet dieses Programm eine schnelle und einfache Kontrolle aller Einstellungen der Scheinwerfer.<\/p>\n<p><img id=\"pp\" alt=\"DLHD\" src=\"\/wp-content\/uploads\/2015\/12\/dlhd_front_b.jpg\" \/><\/p>\n<table style=\"width: 100%;\">\n<tbody>\n<tr>\n<td><a onclick=\"pp.src='\/wp-content\/uploads\/2015\/12\/dlhd_front_b.jpg'\" href=\"javascript:void(0)\"><img alt=\"DLHD\" src=\"\/wp-content\/uploads\/2015\/12\/dlhd_front_s.jpg\" \/><\/a><\/td>\n<td><a onclick=\"pp.src='\/wp-content\/uploads\/2015\/12\/dlhd_back_b.jpg'\" href=\"javascript:void(0)\"><img alt=\"Hog 4 Konsole\" src=\"\/wp-content\/uploads\/2015\/12\/dlhd_back_s.jpg\" \/><\/a><\/td>\n<td><a onclick=\"pp.src='\/wp-content\/uploads\/2015\/12\/dlhd_side_b.jpg'\" href=\"javascript:void(0)\"><img alt=\"Hog 4 Konsole\" src=\"\/wp-content\/uploads\/2015\/12\/dlhd_side_s.jpg\" \/><\/a><\/td>\n<td><a onclick=\"pp.src='\/wp-content\/uploads\/2015\/12\/dlhd_up_b.jpg'\" href=\"javascript:void(0)\"><img alt=\"Hog 4 Konsole\" src=\"\/wp-content\/uploads\/2015\/12\/dlhd_up_s.jpg\" \/><\/a><\/td>\n<\/tr>\n<\/tbody>\n<\/table>\n<h1>Collage Generator\u2122<\/h1>\n<p>\u00dcber den Collage Generator im Scheinwerfer sind sehr schnell einfache Collagen aus zwei oder mehr Scheinwerfern erstellt. Gleichwohl ist dies f\u00fcr rechteckige als auch kreisf\u00f6rmige Projektionen m\u00f6glich. Auch Projektionen von acht und mehr DLHD Scheinwerfern sind im Handumdrehen eingerichtet und erm\u00f6glichen so ein atemberaubendes Breitbild.<\/p>\n<h1>DLHD Technische Daten<\/h1>\n<ul class=\"enum\">\n<li>1920 x 1080 \u2018Full HD\u2019 Projektor<\/li>\n<li>QuaDriveTM LCD f\u00fcr satte Farbwiedergabe und gro\u00dfe Helligkeit<\/li>\n<li>DLHD Software auf Windows 7 Basis, DirectX 11 und FFMPEG<\/li>\n<li>Leistungsf\u00e4higes Content Management und die einfache Konfiguration mehrerer DLHD Ger\u00e4te<\/li>\n<li>einfaches importieren von Inhalten inkl. DMX  und Art-Net Support<\/li>\n<li>verschiedene Codec Optionen<\/li>\n<li>3D Objekte<\/li>\n<li>Bilder, Fotos und Animationen<\/li>\n<li>Remote Software Erweiterung m\u00f6glich<\/li>\n<li>High Definition Content<\/li>\n<li>inklusive Original DL.3 Content<\/li>\n<\/ul>\n<h1>DLHD Graphics Engine<\/h1>\n<ul class=\"enum\">\n<li>Simultane Wiedergabe von bis zu 9 verschiedenen Media Streams auf verschiedene 2D\/3D Objekte<\/li>\n<li>verschiedene Objekt Parameter erm\u00f6glichen eine individuelle Bearbeitung jedes Media Streams<\/li>\n<li>Auswahl verschiedener Geschwindigkeiten und Abspielmodi<\/li>\n<li>Variables Farbmischsystem und visuelle Effekte<\/li>\n<li>Variable Durchl\u00e4ssigkeit erlaubt ein weiches \u00dcberblenden zwischen den Layern<\/li>\n<li>Vollst\u00e4ndige Kontrolle \u00fcber die Positionierung, Rotation und Skalierung der drei Achsen X, Y und Z<\/li>\n<li>Kontrast und Helligkeitseinstellungen f\u00fcr die Optimierung des Contents<\/li>\n<li>Live Video Input<\/li>\n<li>Gesamte Kontrolle aller Media Streams m\u00f6glich<\/li>\n<li>Farbeffekte inkl. Randfarben f\u00fcr unterschiedliche Farbanpassungen<\/li>\n<li>verschiedene Maskierungen und Strobe Effekte<\/li>\n<li>Chroma Key Effekte auf allen Layern m\u00f6glich<\/li>\n<li>Edge Blending f\u00fcr eine Collage verschiedener Scheinwerfer<\/li>\n<li>Keystone Korrektur auf dem Output<\/li>\n<li>Digitaler Blendenschieber auf dem Output<\/li>\n<li>verschiedene Modi um mehrere DLHD zu synchronisieren<\/li>\n<\/ul>\n<h1>Content Management Application (CMA)<\/h1>\n<ul class=\"enum\">\n<li>Windows kompatibel<\/li>\n<li>Kommuniziert mit DHLD, Axon HD und Axon HD PRO \u00fcber Netzwerk Verbindung<\/li>\n<li>Hochladen und Verwalten des digitalen Contents auf den DLHD<\/li>\n<li>Konfiguration aller sich im Netzwerk befindenden DLHD<\/li>\n<\/ul>\n<h1>3D Image Warping Engine<\/h1>\n<ul class=\"enum\">\n<li>3D geometrische Korrektur der Abbildung<\/li>\n<li>Unabh\u00e4ngig von der grafischen Einheit<\/li>\n<li>Vordefinierte  geometrische Abbildungen<\/li>\n<li>Importieren eigener Bilder und Figuren m\u00f6glich<\/li>\n<li>Speicherung und Wiedergabe von bis zu 255 Warp Dateien<\/li>\n<\/ul>\n<h1>DLHD Hardware<\/h1>\n<ul class=\"enum\">\n<li>mechanische Iris<\/li>\n<li>Pan: 400\u00b0, Tilt: 240\u00b0<\/li>\n<li>DMX Kontroller \u00fcber Projektor Zoom und Fokus<\/li>\n<li>DMX Kontrolle \u00fcber vertikalen Lens Shift<\/li>\n<li>Farbdisplay als Preview Monitor und Men\u00fc Darstellung<\/li>\n<li>Intel Core i5-4670 3.40 GHz Prozessor, Radeon HD7750 Grafikkarte, 8GB RAM Arbeitsspeicher<\/li>\n<li>Solid State Festplatte (256GB)<\/li>\n<li>Decklink HDSDI Video Input Karte<\/li>\n<li>Gigabit Ethernet f\u00fcr schnelles Content hochladen und synchronisieren der Scheinwerfer<\/li>\n<li>Wechselbare Linsen f\u00fcr verschiedene Distanzen, Optional<\/li>\n<\/ul>\n<p>*Garantie: 1 Jahr <\/p>\n<\/div>\n<div class=\"one_third last\">\n<div class=\"dlt\" style=\"margin-bottom: 20px;\">\n<h1>Hog 4 News<\/h1>\n<p><a href=\"http:\/\/www.facebook.com\/hog4de\" target=\"_blank\"><img alt=\"Facebook\" src=\"\/wp-content\/themes\/wholehog4\/images\/fb.jpg\" \/>facebook.com\/hog4de<\/a><\/div>\n<div class=\"dlt\" style=\"margin-bottom: 20px;\">\n<h1>Empfohlene Downloads<\/h1>\n<ul>\n<a class=\"dlnk\" href=\"https:\/\/www.highend.com\/down\/118\/Technical%20Support%20Documentation\/104\/DLHD%20-%20DataSheet.pdf\"><img alt=\"\" src=\"\/wp-content\/themes\/wholehog4\/images\/icon_pdf.png\" \/>Technisches Datenblatt<\/a><br \/>\n<a class=\"dlnk\" href=\"https:\/\/www.highend.com\/down\/118\/Technical%20Support%20Documentation\/105\/DLHD%20-%20DMX%20Protocol.pdf\"><img alt=\"\" src=\"\/wp-content\/themes\/wholehog4\/images\/icon_pdf.png\" \/>DMX Protokoll<\/a><br \/>\n<a class=\"dlnk\" href=\"https:\/\/www.highend.com\/down\/118\/Technical%20Support%20Documentation\/107\/DLHD%20-%20User%20Manual.pdf\"><img alt=\"\" src=\"\/wp-content\/themes\/wholehog4\/images\/icon_pdf.png\" \/>Bedienungsanleitung Englisch<\/a>\n<\/ul>\n<p><a class=\"more\" href=\"downloads\">Mehr<\/a><\/div>\n<div class=\"dlt\" style=\"margin-bottom: 20px;\">\n<h1>Zugeh\u00f6rige Produkte<\/h1>\n<ul>\n<li><img alt=\"\" src=\"\/wp-content\/themes\/wholehog4\/images\/icon_lnk.png\" \/><a class=\"dlnk\" href=\"hog-4\">Hog 4 Konsole<\/a><\/li>\n<li><img alt=\"\" src=\"\/wp-content\/themes\/wholehog4\/images\/icon_lnk.png\" \/><a class=\"dlnk\" href=\"nano-docking-4\">Nano Docking 4 Konsole<\/a><\/li>\n<li><img alt=\"\" src=\"\/wp-content\/themes\/wholehog4\/images\/icon_lnk.png\" \/><a class=\"dlnk\" href=\"backup-4-family\">Backup 4 Switch<\/a><\/li>\n<\/ul>\n<p><a class=\"more\" href=\"products\">Mehr<\/a><\/div>\n<div class=\"dlt\" style=\"margin-bottom: 20px;\">\n<h1>Empfohlenes Zubeh\u00f6r<\/h1>\n<ul>\n67060002: Long Zoom Lens Kit 2.1-4.2:1<br \/>\n67060001: Ultra Long Zoom Lens Kit 4.3-6.1:1<br \/>\n68060003: Wide Angle Zoom Lens Kit 1.3-1.8:1\n<\/ul>\n<p><a class=\"more\" href=\"products\">Mehr<\/a><\/div>\n<div class=\"con\">\n<h1>Kontakt<\/h1>\n<p>Nehmen Sie Kontakt mit uns auf f\u00fcr weitere Informationen oder eine Demonstration.<\/p>\n<p>Arcus Licht- und Pr\u00e4sentationstechnik GmbH<br \/>\nObermeiers Feld 2-4<br \/>\n33104 Paderborn<br \/>\nGERMANY<\/p>\n<p>Telefon: +49 5254 93069-0<br \/>\nTelefax: +49 5254 93069-29<br \/>\nMail: <a class=\"dlnk\" href=\"mailto:hog4@arcus-lighting.com\">hog4@arcus-lighting.com<\/a><\/p>\n<\/div>\n<\/div>\n<div class=\"clearboth\"><\/div>\n<p><\/p>","protected":false},"excerpt":{"rendered":"","protected":false},"author":5,"featured_media":0,"parent":2168,"menu_order":0,"comment_status":"closed","ping_status":"open","template":"","meta":[],"_links":{"self":[{"href":"http:\/\/www.hog4.de\/de\/wp-json\/wp\/v2\/pages\/2228"}],"collection":[{"href":"http:\/\/www.hog4.de\/de\/wp-json\/wp\/v2\/pages"}],"about":[{"href":"http:\/\/www.hog4.de\/de\/wp-json\/wp\/v2\/types\/page"}],"author":[{"embeddable":true,"href":"http:\/\/www.hog4.de\/de\/wp-json\/wp\/v2\/users\/5"}],"replies":[{"embeddable":true,"href":"http:\/\/www.hog4.de\/de\/wp-json\/wp\/v2\/comments?post=2228"}],"version-history":[{"count":33,"href":"http:\/\/www.hog4.de\/de\/wp-json\/wp\/v2\/pages\/2228\/revisions"}],"predecessor-version":[{"id":2292,"href":"http:\/\/www.hog4.de\/de\/wp-json\/wp\/v2\/pages\/2228\/revisions\/2292"}],"up":[{"embeddable":true,"href":"http:\/\/www.hog4.de\/de\/wp-json\/wp\/v2\/pages\/2168"}],"wp:attachment":[{"href":"http:\/\/www.hog4.de\/de\/wp-json\/wp\/v2\/media?parent=2228"}],"curies":[{"name":"wp","href":"https:\/\/api.w.org\/{rel}","templated":true}]}}