{"id":371,"date":"2012-11-20T18:25:38","date_gmt":"2012-11-20T17:25:38","guid":{"rendered":"http:\/\/www.hog4.de\/?page_id=371"},"modified":"2021-11-26T11:16:27","modified_gmt":"2021-11-26T10:16:27","slug":"hog-4-pc","status":"publish","type":"page","link":"http:\/\/www.hog4.de\/de\/hog-4-pc","title":{"rendered":"Hog 4 PC"},"content":{"rendered":"<p><!--more--><\/p>\n<div class=\"two_third\">\n<h1>Hog 4 PC<\/h1>\n<p>Hog 4 PC bringt Komfort und Leistung der Hog 4 Betriebssoftware auf den PC.<\/p>\n<p>Jedes Hog 4 PC System stellt eine flexible und kosteneffektive Kombination aus Hard- und Software dar, mit der nahezu der komplette Funktionsumfang der Hog 4 Betriebssoftware in Kombination mit einem Personal Computer nach eigenen Bed\u00fcrfnissen bereitgestellt werden kann.<\/p>\n<p>Angefangen bei der frei erh\u00e4ltlichen Hog 4 PC Software zum \u00d6ffnen und Bearbeiten von Shows l\u00e4\u00dft sich ein Hog 4 PC f\u00fcr die unterschiedlichsten Einsatzgebiete bis hin zu einem vollwertigen Kontroller-System mit Touch-Monitor, Nano Hog 4, Wings und DMX Ausgabe ausbauen.<\/p>\n<p><img src=\"\/wp-content\/themes\/wholehog4\/images\/NotebookWidgetsNano.jpg\" \/><\/p>\n<p>Und sobald ein entsprechendes USB DMX Widget angeschlossen ist, kann bei einer vorhandenen Netzwerkkarte zugleich auch Art-Net und E1.3.1 (sACN) ausgegeben werden.<\/p>\n<p>Hog 4 PC ist ideal geeignet f\u00fcr Backup Szenarien und perfekt f\u00fcr das automatische Abspielen im Retail und Architekturbereich.<\/p>\n<h1>Hog 4 PC Features<\/h1>\n<ul class=\"enum\">\n<li>Unterst\u00fctzt eine USB Nano Hog und mehrere USB Playback Wings und USB Master Wings<\/li>\n<li>\u00dcber das MIDI LTC Widget <\/li>\n<li>MIDI In \/ Out auch \u00fcber die PC Soundkarte oder USB Equipment m\u00f6glich<\/li>\n<li>Connectivity zu einer Visualisierungssoftware<\/li>\n<li>Drahtgebundene (LAN) und Drahtloase (WLAN) Netzwerkverbindung zu weiteren Hog 4 PC Systemen oder zu den Konsolen m\u00f6glich<\/li>\n<li>Bis zu 4096 DMX 512 Kan\u00e4le \u00fcber USB DMX Widgets und Super Widgets<\/li>\n<li>Bis zu acht Art-Net und E.1.3.1 (sACN) Universen via USB DMX Widgets<\/li>\n<li>Unbegrenzte Anzahl an DMX Kan\u00e4len, Art-Net und E.1.3.1 (sACN) Universen via Ethernet DMX Prozessoren<\/li>\n<li>Unbegrenzte Anzahl an gleichzeitigen Crossfades<\/li>\n<li>Tausende an Cues, Cue Parts, Cue Lists, Chases, Effects, Groups, Palettes, Pages und Macros<\/li>\n<li>Die Hog 4 PC Software kann auch als Remote Focus Device f\u00fcr eine Hog 4, Full Boar 4 und Road Hog 4 Konsole oder Hog 4 PC \/ Hog 3 PC Systeme eingesetzt werden<\/li>\n<\/ul>\n<h1>Systemanforderungen<\/h1>\n<ul class=\"enum\">\n<li>Betriebssystem: Windows&reg; XP 32-bit (SP3 oder neuer),<br \/>Windows Vista 32-bit oder 64-bit (SP2 oder neuer),<br \/>Windows 7 32-bit oder 64-bit (SP1 oder neuer)<br \/>Windows 8\/8.1 32-bit oder 64-bit<\/li>\n<li>CPU: Dual Core 1,7 GHz oder schneller<\/li>\n<li>RAM: 1GB minimal, 2GB empfohlen<\/li>\n<li>Festplatte: 5GB freier Speicherplatz<\/li>\n<\/ul>\n<\/div>\n<div class=\"one_third last\">\n<div class=\"dlt\" style=\"margin-bottom: 20px;\">\n<h1>Hog 4 News<\/h1>\n<p><a href=\"http:\/\/www.facebook.com\/hog4de\" target=\"_blank\"><img src=\"\/wp-content\/themes\/wholehog4\/images\/fb.jpg\" alt=\"Facebook\" \/>facebook.com\/hog4de<\/a>\n<\/div>\n<div class=\"dlt\" style=\"margin-bottom: 20px;\">\n<h1>Empfohlene Downloads<\/h1>\n<ul>\n<li><a class=\"dlnk\" href=\"https:\/\/www.etcconnect.com\/WorkArea\/DownloadAsset.aspx?id=10737509271\"><img src=\"\/wp-content\/themes\/wholehog4\/images\/icon_msi.png\" \/>Hog4_PC_3-17-0-3327.msi<\/a><\/li>\n<\/ul>\n<p><a class=\"more\" href=\"downloads\">Mehr<\/a><\/p>\n<\/div>\n<div class=\"dlt\" style=\"margin-bottom: 20px;\">\n<h1>Zugeh\u00f6rige Produkte<\/h1>\n<ul>\n<li><img src=\"\/wp-content\/themes\/wholehog4\/images\/icon_lnk.png\" \/><a class=\"dlnk\" href=\"playback-wing-4\">Playback Wing 4<\/a><\/li>\n<li><img src=\"\/wp-content\/themes\/wholehog4\/images\/icon_lnk.png\" \/><a class=\"dlnk\" href=\"master-wing-4\">Master Wing 4<\/a><\/li>\n<li><img src=\"\/wp-content\/themes\/wholehog4\/images\/icon_lnk.png\" \/><a class=\"dlnk\" href=\"nano-hog-4\">Nano Hog 4<\/a><\/li>\n<li><img src=\"\/wp-content\/themes\/wholehog4\/images\/icon_lnk.png\" \/><a class=\"dlnk\" href=\"processor-8\">DMX Processor 8000<\/a><\/li>\n<li><img src=\"\/wp-content\/themes\/wholehog4\/images\/icon_lnk.png\" \/><a class=\"dlnk\" href=\"dmx-super-duper-widget\">DMX Super Duper Widget<\/a><\/li>\n<li><img src=\"\/wp-content\/themes\/wholehog4\/images\/icon_lnk.png\" \/><a class=\"dlnk\" href=\"dmx-super-widget\">DMX Super Widget<\/a><\/li>\n<li><img src=\"\/wp-content\/themes\/wholehog4\/images\/icon_lnk.png\" \/><a class=\"dlnk\" href=\"dmx-widget\">DMX Widget<\/a><\/li>\n<li><img src=\"\/wp-content\/themes\/wholehog4\/images\/icon_lnk.png\" \/><a class=\"dlnk\" href=\"midi-ltc-widget\">MIDI LTC Widget<\/a><\/li>\n<\/ul>\n<p><a class=\"more\" href=\"products\">Mehr<\/a><\/p>\n<\/div>\n<div class=\"dlt\" style=\"margin-bottom: 20px;\">\n<h1>Empfohlenes Zubeh\u00f6r<\/h1>\n<p><a class=\"dlnk\" href=\"nano-hog-4\"><img src=\"\/wp-content\/themes\/wholehog4\/images\/nanohog4advert.jpg\" alt=\"Nano Hog 4\" \/><\/a><\/p>\n<ul>\n<li><img src=\"\/wp-content\/themes\/wholehog4\/images\/icon_lnk.png\" \/><a class=\"dlnk\" href=\"nano-hog-4\">Nano Hog 4<\/a><\/li>\n<\/ul>\n<p><a class=\"more\" href=\"products\">Mehr<\/a><\/p>\n<\/div>\n<div class=\"con\">\n<h1>Kontakt<\/h1>\n<p>Nehmen Sie Kontakt mit uns auf f\u00fcr weitere Informationen oder eine Demonstration.<\/p>\n<p>Arcus Licht- und Pr\u00e4sentationstechnik GmbH<br \/>Obermeiers Feld 2-4<br \/>33104 Paderborn<br \/>GERMANY<\/p>\n<p>Telefon: +49 5254 93069-0<br \/>Telefax: +49 5254 93069-29<br \/>Mail: <a class=\"dlnk\" href=\"mailto:hog4@arcus-lighting.com\">hog4@arcus-lighting.com<\/a><\/p>\n<\/div>\n<\/div>\n<div class=\"clearboth\"><\/div>\n<p><\/p>","protected":false},"excerpt":{"rendered":"","protected":false},"author":3,"featured_media":0,"parent":0,"menu_order":0,"comment_status":"closed","ping_status":"closed","template":"","meta":[],"_links":{"self":[{"href":"http:\/\/www.hog4.de\/de\/wp-json\/wp\/v2\/pages\/371"}],"collection":[{"href":"http:\/\/www.hog4.de\/de\/wp-json\/wp\/v2\/pages"}],"about":[{"href":"http:\/\/www.hog4.de\/de\/wp-json\/wp\/v2\/types\/page"}],"author":[{"embeddable":true,"href":"http:\/\/www.hog4.de\/de\/wp-json\/wp\/v2\/users\/3"}],"replies":[{"embeddable":true,"href":"http:\/\/www.hog4.de\/de\/wp-json\/wp\/v2\/comments?post=371"}],"version-history":[{"count":75,"href":"http:\/\/www.hog4.de\/de\/wp-json\/wp\/v2\/pages\/371\/revisions"}],"predecessor-version":[{"id":2566,"href":"http:\/\/www.hog4.de\/de\/wp-json\/wp\/v2\/pages\/371\/revisions\/2566"}],"wp:attachment":[{"href":"http:\/\/www.hog4.de\/de\/wp-json\/wp\/v2\/media?parent=371"}],"curies":[{"name":"wp","href":"https:\/\/api.w.org\/{rel}","templated":true}]}}