{"id":613,"date":"2012-12-03T15:39:10","date_gmt":"2012-12-03T14:39:10","guid":{"rendered":"http:\/\/www.hog4.de\/?page_id=613"},"modified":"2014-11-12T10:49:26","modified_gmt":"2014-11-12T09:49:26","slug":"backup-4-family","status":"publish","type":"page","link":"http:\/\/www.hog4.de\/de\/backup-4-family","title":{"rendered":"Backup 4 Familie"},"content":{"rendered":"<p><\/p>\n<div class=\"two_third\">\n<h1>Die Ger\u00e4te der Backup 4 Familie<\/h1>\n<p>Die Ger\u00e4te der Backup 4 Serie sind speziell auf das Zusammenspiel mit den Lichtstellkonsolen der Hog 4 Familie abgestimmt und erm\u00f6glichen zuverl\u00e4ssig die bei gr\u00f6\u00dferen Produktionen geforderte M\u00f6glichkeit zur raschen Umschaltung von einem Haupt- auf ein Backup-System.<\/p>\n<table class=\"cl\">\n<colgroup>\n<col style=\"width: 200px;\" \/><\/colgroup>\n<tbody>\n<tr>\n<td class=\"c\"><a href=\"switch-rs-8\"><img alt=\"\" src=\"\/wp-content\/themes\/wholehog4\/images\/backup4rs8nthumb.jpg\" \/><\/a><\/td>\n<td>\n<h3>Backup\u00a04 Switch RS 8000 \/ 8000N<\/h3>\n<p>Entwickelt f\u00fcr die Umschaltung von 2 x 8 DMX Universen und Ethernet, Art-Net und E1.3.1 (sACN). <a class=\"more\" href=\"switch-rs-8\">Mehr<\/a><\/td>\n<\/tr>\n<tr>\n<td class=\"c\"><a href=\"switch-rs-4\"><img alt=\"\" src=\"\/wp-content\/themes\/wholehog4\/images\/backup4rs4nthumb.jpg\" \/><\/a><\/td>\n<td>\n<h3>Backup 4 Switch RS 4000 \/ 4000N<\/h3>\n<p>Entwickelt f\u00fcr die Umschaltung von 2 x 4 DMX Universen und Ethernet, Art-Net und E1.3.1 (sACN). <a class=\"more\" href=\"switch-rs-4\">Mehr<\/a><\/td>\n<\/tr>\n<tr>\n<td class=\"c\"><a href=\"switch-ps-4\"><img alt=\"\" src=\"\/wp-content\/themes\/wholehog4\/images\/backup4ps4nthumb.jpg\" \/><\/a><\/td>\n<td>\n<h3>Backup 4 Switch PS 4000 \/ 4000N<\/h3>\n<p>Entwickelt f\u00fcr die Umschaltung von 2 x 4 DMX Universen und Ethernet, Art-Net und E1.3.1 (sACN). <a class=\"more\" href=\"switch-ps-4\">Mehr<\/a><\/td>\n<\/tr>\n<\/tbody>\n<\/table>\n<\/div>\n<div class=\"one_third last\">\n<div class=\"dlt\" style=\"margin-bottom: 20px;\">\n<h1>Hog 4 News<\/h1>\n<p><a href=\"http:\/\/www.facebook.com\/hog4de\" target=\"_blank\"><img alt=\"Facebook\" src=\"\/wp-content\/themes\/wholehog4\/images\/fb.jpg\" \/>facebook.com\/hog4de<\/a><\/div>\n<div class=\"dlt\" style=\"margin-bottom: 20px;\">\n<h1>Empfohlene Downloads<\/h1>\n<ul>\n<li><a href=\"\/downloads\/Hog4System_Vergleich_DE.pdf\"><img alt=\"\" src=\"\/wp-content\/themes\/wholehog4\/images\/icon_pdf.png\" \/>Hog4System_Vergleich_DE.pdf<\/a><\/li>\n<li><a href=\"\/downloads\/Hog4System_Comparison_EN.pdf\"><img alt=\"\" src=\"\/wp-content\/themes\/wholehog4\/images\/icon_pdf.png\" \/>Hog4System_Comparison_EN.pdf<\/a><\/li>\n<\/ul>\n<p><a class=\"more\" href=\"downloads\">Mehr<\/a><\/div>\n<div class=\"con\">\n<h1>Kontakt<\/h1>\n<p>Nehmen Sie Kontakt mit uns auf f\u00fcr weitere Informationen oder eine Demonstration. Arcus Licht- und Pr\u00e4sentationstechnik GmbH Obermeiers Feld 2-4 33104 Paderborn GERMANY Telefon: +49 5254 93069-0 Telefax: +49 5254 93069-29 Mail: <a href=\"mailto:hog4@arcus-lighting.com\">hog4@arcus-lighting.com<\/a><\/div>\n<\/div>\n<div class=\"clearboth\"><\/div>\n<p><\/p>","protected":false},"excerpt":{"rendered":"","protected":false},"author":3,"featured_media":0,"parent":0,"menu_order":0,"comment_status":"open","ping_status":"open","template":"","meta":[],"_links":{"self":[{"href":"http:\/\/www.hog4.de\/de\/wp-json\/wp\/v2\/pages\/613"}],"collection":[{"href":"http:\/\/www.hog4.de\/de\/wp-json\/wp\/v2\/pages"}],"about":[{"href":"http:\/\/www.hog4.de\/de\/wp-json\/wp\/v2\/types\/page"}],"author":[{"embeddable":true,"href":"http:\/\/www.hog4.de\/de\/wp-json\/wp\/v2\/users\/3"}],"replies":[{"embeddable":true,"href":"http:\/\/www.hog4.de\/de\/wp-json\/wp\/v2\/comments?post=613"}],"version-history":[{"count":37,"href":"http:\/\/www.hog4.de\/de\/wp-json\/wp\/v2\/pages\/613\/revisions"}],"predecessor-version":[{"id":2402,"href":"http:\/\/www.hog4.de\/de\/wp-json\/wp\/v2\/pages\/613\/revisions\/2402"}],"wp:attachment":[{"href":"http:\/\/www.hog4.de\/de\/wp-json\/wp\/v2\/media?parent=613"}],"curies":[{"name":"wp","href":"https:\/\/api.w.org\/{rel}","templated":true}]}}