{"id":67,"date":"2012-10-18T19:24:55","date_gmt":"2012-10-18T17:24:55","guid":{"rendered":"http:\/\/www.hog4.de\/?page_id=67"},"modified":"2021-11-26T11:24:25","modified_gmt":"2021-11-26T10:24:25","slug":"hog-4","status":"publish","type":"page","link":"http:\/\/www.hog4.de\/de\/hog-4","title":{"rendered":"Hog 4"},"content":{"rendered":"<p><\/p>\n<div class=\"two_third\">\n<h1>Hog 4 Konsole<\/h1>\n<p>Die Hog 4 ist das Aush\u00e4ngeschild und das Herz der neuen Hog 4 Serie. Ausgestattet mit der neuesten Technologie ist sie der Nachfolger der preisgekr\u00f6nten Wholehog III.<\/p>\n<p>Neben den 17\u201c Breitbild Multi-Touchscreens sind die motorisierten Fader mit separatem Grandmaster, der kleine Touchscreen im Bedienpanel und die LCD Tasten das besondere Highlight der Konsole.<\/p>\n<p>Drei Monitorausg\u00e4nge, acht eingebaute DMX Ausg\u00e4nge, MIDI Ein- und Ausg\u00e4nge, acht USB Ports und 2 robuste Neutrik Ethercon Fast Ethernet Ports erlaubt h\u00f6chste Flexibilit\u00e4t. Damit sind sie f\u00fcr alle F\u00e4lle ger\u00fcstet, angefangen von der kleinsten Industrieveranstaltung mit einer einzelnen Konsole bis zur gr\u00f6\u00dften Stadion Show, Themenpark Installationen oder Broadway Show.<\/p>\n<p><img id=\"pp\" src=\"\/wp-content\/themes\/wholehog4\/images\/hog4consolefoto.jpg\" alt=\"Hog 4 Konsole\" \/><\/p>\n<table style=\"width:100%\">\n<tr>\n<td><a href=\"javascript:void(0)\" onclick=\"pp.src='\/wp-content\/themes\/wholehog4\/images\/hog4consolefoto.jpg'\"><img src=\"\/wp-content\/themes\/wholehog4\/images\/hog4thumb.jpg\" alt=\"Hog 4 Konsole\" \/><\/a><\/td>\n<td><a href=\"javascript:void(0)\" onclick=\"pp.src='\/wp-content\/themes\/wholehog4\/images\/hog4backfoto.jpg'\"><img src=\"\/wp-content\/themes\/wholehog4\/images\/hog4backthumb.jpg\" alt=\"Hog 4 Konsole\" \/><\/a><\/td>\n<td><a href=\"javascript:void(0)\" onclick=\"pp.src='\/wp-content\/themes\/wholehog4\/images\/hog4topfoto.jpg'\"><img src=\"\/wp-content\/themes\/wholehog4\/images\/hog4topthumb.jpg\" alt=\"Hog 4 Konsole\" \/><\/a><\/td>\n<\/tr>\n<\/table>\n<h1>Hog 4 Features<\/h1>\n<ul class=\"enum\">\n<li>Stabile Hog 4 Betriebssoftware<\/li>\n<li>Zwei 17\u201c widescreen Multi-Touchscreens<\/li>\n<li>7\u201c widescreen Multi Touchscreen im Bedienfeld integriert<\/li>\n<li>Drei weitere externe Monitore oder Touchscreens anschlie\u00dfbar<\/li>\n<li>F\u00fcnf Encoder f\u00fcr die Parametereinstellung<\/li>\n<li>Zw\u00f6lf belegbare LCD Tasten<\/li>\n<li>3-Achsen Trackball inklusive Hintergrundbeleuchtung<\/li>\n<li>Zehn motorisierte Fader<\/li>\n<li>Ein motorisierter separater Grandmaster<\/li>\n<li>Intensity und RateWheel<\/li>\n<li>Freibelegbarer Jog-Shuttle Encoder<\/li>\n<li>Acht DMX Outputs (16 Outputs \u00fcber DMX und Art-Net m\u00f6glich)<\/li>\n<li>Hog-Net Adapter<\/li>\n<li>Fixture-Net Adapter<\/li>\n<li>Eingebaute kleine Tastatur<\/li>\n<li>Solid State Festplatte<\/li>\n<li>Integriertes CD\/DVD Laufwerk<\/li>\n<li>SMPTE\/MIDI Anschluss<\/li>\n<li>Inklusive Roadcase<\/li>\n<\/ul>\n<h1>Hog 4 Software Daten<\/h1>\n<ul class=\"enum\">\n<li>Kompatibilit\u00e4t zu allen Widgets und Wings der Wholehog III Serie<\/li>\n<li>Spezielle User Kinds<\/li>\n<li>Console Lock Funktion<\/li>\n<li>Zusammengef\u00fchrte Library<\/li>\n<li>OSC Kompatibilit\u00e4t<\/li>\n<li>Schnelles Booten der Konsole<\/li>\n<li>Hog 3 Shows k\u00f6nnen in einer Hog 4 geladen werden<\/li>\n<li>Hog 4 Shows sind in die Hog 3 Software 3.2.6 konvertierbar, Kompatibilit\u00e4t ist gegeben<\/li>\n<li>Installation vom USB Stick m\u00f6glich<\/li>\n<li>Bis zu acht LTC\/Midi Widgets m\u00f6glich<\/li>\n<li>Parameter Wheelsets einfacher und freier konfigurierbar<\/li>\n<li>Alle Fensterinhalte lassen sich als PDF drucken und \u00fcber einen USB Stick auf einen Rechner \u00fcbertragen<\/li>\n<li>Alle vier Konsolen sind untereinander netzwerkf\u00e4hig und mit Wings und Widgets erweiterbar<\/li>\n<\/ul>\n<\/div>\n<div class=\"one_third last\">\n<div class=\"dlt\" style=\"margin-bottom: 20px;\">\n<h1>Hog 4 News<\/h1>\n<p><a href=\"http:\/\/www.facebook.com\/hog4de\" target=\"_blank\"><img src=\"\/wp-content\/themes\/wholehog4\/images\/fb.jpg\" alt=\"Facebook\" \/>facebook.com\/hog4de<\/a>\n<\/div>\n<div class=\"dlt\" style=\"margin-bottom: 20px;\">\n<h1>Empfohlene Downloads<\/h1>\n<ul>\n<li><a class=\"dlnk\" href=\"https:\/\/www.etcconnect.com\/WorkArea\/DownloadAsset.aspx?id=10737509277\"><img src=\"\/wp-content\/themes\/wholehog4\/images\/icon_iso.png\" \/>Hog4_3-17-0-3327.amd64.iso<\/a><\/li>\n<li><a class=\"dlnk\" href=\"http:\/\/www.highend.com\/pub\/support\/controllers\/release_notes\/Hog4_v_releasenotes.pdf\"><img src=\"\/wp-content\/themes\/wholehog4\/images\/icon_pdf.png\" \/>Hog4_v_releasenotes.pdf<\/a><\/li>\n<\/ul>\n<ul>\n<li><a class=\"dlnk\" href=\"\/downloads\/Hog4System_Hog4Konsole_TechnischeDaten_DE.pdf\"><img src=\"\/wp-content\/themes\/wholehog4\/images\/icon_pdf.png\" \/>Hog4&#8230;Konsole_TechnischeDaten_DE.pdf<\/a><\/li>\n<li><a class=\"dlnk\" href=\"\/downloads\/Hog4System_Hog4Console_TechnicalData_EN.pdf\"><img src=\"\/wp-content\/themes\/wholehog4\/images\/icon_pdf.png\" \/>Hog4&#8230;Console_TechnicalData_EN.pdf<\/a><\/li>\n<li><a class=\"dlnk\" href=\"\/downloads\/Hog4System_Vergleich_DE.pdf\"><img src=\"\/wp-content\/themes\/wholehog4\/images\/icon_pdf.png\" \/>Hog4System_Vergleich_DE.pdf<\/a><\/li>\n<li><a class=\"dlnk\" href=\"\/downloads\/Hog4System_Comparison_EN.pdf\"><img src=\"\/wp-content\/themes\/wholehog4\/images\/icon_pdf.png\" \/>Hog4System_Comparison_EN.pdf<\/a><\/li>\n<\/ul>\n<p><a class=\"more\" href=\"downloads\">Mehr<\/a><\/p>\n<\/div>\n<div class=\"dlt\" style=\"margin-bottom: 20px;\">\n<h1>Zugeh\u00f6rige Produkte<\/h1>\n<ul>\n<li><img src=\"\/wp-content\/themes\/wholehog4\/images\/icon_lnk.png\" \/><a class=\"dlnk\" href=\"processor-8\">DMX Prozessor 8000<\/a><\/li>\n<li><img src=\"\/wp-content\/themes\/wholehog4\/images\/icon_lnk.png\" \/><a class=\"dlnk\" href=\"playback-wing-4\">Playback Wing 4<\/a><\/li>\n<li><img src=\"\/wp-content\/themes\/wholehog4\/images\/icon_lnk.png\" \/><a class=\"dlnk\" href=\"master-wing-4\">Master Wing 4<\/a><\/li>\n<\/ul>\n<p><a class=\"more\" href=\"products\">Mehr<\/a><\/p>\n<\/div>\n<div class=\"dlt\" style=\"margin-bottom: 20px;\">\n<h1>Empfohlenes Zubeh\u00f6r<\/h1>\n<p><a class=\"dlnk\" href=\"switch-rs-8\"><img src=\"\/wp-content\/themes\/wholehog4\/images\/backup4rs8000nadvert.jpg\" alt=\"Backup 4 Switch RS 8000N\" \/><\/a><\/p>\n<ul>\n<li><img src=\"\/wp-content\/themes\/wholehog4\/images\/icon_lnk.png\" \/><a class=\"dlnk\" href=\"switch-rs-8\">Backup 4 Switch RS 8000N<\/a><\/li>\n<\/ul>\n<p><a class=\"more\" href=\"products\">Mehr<\/a><\/p>\n<\/div>\n<div class=\"con\">\n<h1>Kontakt<\/h1>\n<p>Nehmen Sie Kontakt mit uns auf f\u00fcr weitere Informationen oder eine Demonstration.<\/p>\n<p>Arcus Licht- und Pr\u00e4sentationstechnik GmbH<br \/>Obermeiers Feld 2-4<br \/>33104 Paderborn<br \/>GERMANY<\/p>\n<p>Telefon: +49 5254 93069-0<br \/>Telefax: +49 5254 93069-29<br \/>Mail: <a class=\"dlnk\" href=\"mailto:hog4@arcus-lighting.com\">hog4@arcus-lighting.com<\/a><\/p>\n<\/div>\n<\/div>\n<div class=\"clearboth\"><\/div>\n<p><\/p>","protected":false},"excerpt":{"rendered":"","protected":false},"author":4,"featured_media":0,"parent":0,"menu_order":0,"comment_status":"open","ping_status":"open","template":"","meta":[],"_links":{"self":[{"href":"http:\/\/www.hog4.de\/de\/wp-json\/wp\/v2\/pages\/67"}],"collection":[{"href":"http:\/\/www.hog4.de\/de\/wp-json\/wp\/v2\/pages"}],"about":[{"href":"http:\/\/www.hog4.de\/de\/wp-json\/wp\/v2\/types\/page"}],"author":[{"embeddable":true,"href":"http:\/\/www.hog4.de\/de\/wp-json\/wp\/v2\/users\/4"}],"replies":[{"embeddable":true,"href":"http:\/\/www.hog4.de\/de\/wp-json\/wp\/v2\/comments?post=67"}],"version-history":[{"count":104,"href":"http:\/\/www.hog4.de\/de\/wp-json\/wp\/v2\/pages\/67\/revisions"}],"predecessor-version":[{"id":2570,"href":"http:\/\/www.hog4.de\/de\/wp-json\/wp\/v2\/pages\/67\/revisions\/2570"}],"wp:attachment":[{"href":"http:\/\/www.hog4.de\/de\/wp-json\/wp\/v2\/media?parent=67"}],"curies":[{"name":"wp","href":"https:\/\/api.w.org\/{rel}","templated":true}]}}