{"id":710,"date":"2012-12-04T15:33:24","date_gmt":"2012-12-04T14:33:24","guid":{"rendered":"http:\/\/www.hog4.de\/?page_id=710"},"modified":"2014-03-05T09:45:41","modified_gmt":"2014-03-05T08:45:41","slug":"switch-rs-4","status":"publish","type":"page","link":"http:\/\/www.hog4.de\/de\/switch-rs-4","title":{"rendered":"Backup 4 Switch RS 4000N \/ RS 4000"},"content":{"rendered":"<p><\/p>\n<div class=\"two_third\">\n<h1>Backup 4 Switch RS 4000N \/ RS 4000<\/h1>\n<p>Diese zwei Backup 4 Switches aus der &#8222;RS&#8220; Serie sind zwei professionelle DMX Umschalter in einem robusten 2HE 19&#8243; Geh\u00e4use.<\/p>\n<p>Sie erm\u00f6glichen das zuverl\u00e4ssige Umschalten von bis zu vier DMX Universen und in der &#8222;N&#8220; Ausf\u00fchrung zus\u00e4tzlich Ethernet, z. B. f\u00fcr die Protokolle Art-Net und E1.3.1 (sACN) zwischen einem Haupt- auf ein Backup-System.<\/p>\n<p><img src=\"\/wp-content\/themes\/wholehog4\/images\/backup4switchrs4000nfoto.jpg\" alt=\"Backup 4 Switch RS 4000N\" \/><\/p>\n<p><h1>Produktvergleich<\/h1>\n<table style=\"width:100%\">\n<col style=\"width:294px\" \/>\n<thead style=\"border-bottom:1px solid #666666;\">\n<tr>\n<td>Anschl\u00fcsse<\/td>\n<td class=\"c\">RS 4000N<\/td>\n<td class=\"c\">RS 4000<\/td>\n<\/tr>\n<\/thead>\n<tbody>\n<tr>\n<td>DMX Eing\u00e4nge<\/td>\n<td class=\"c\">2 x 4 x XLR 5pol<\/td>\n<td class=\"c\">2 x 4 x XLR 5pol<\/td>\n<\/tr>\n<tr>\n<td>DMX Ausg\u00e4nge<\/td>\n<td class=\"c\">4 x XLR 5pol<\/td>\n<td class=\"c\">4 x XLR 5pol<\/td>\n<\/tr>\n<tr>\n<td>Netzwerk Eing\u00e4nge<\/td>\n<td class=\"c\">2 x Ethercon<\/td>\n<td class=\"c\">&#8211;<\/td>\n<\/tr>\n<tr>\n<td>Netzwerk Ausg\u00e4nge<\/td>\n<td class=\"c\">1 x Ethercon<\/td>\n<td class=\"c\">&#8211;<\/td>\n<\/tr>\n<\/tbody>\n<\/table>\n<p><h1>Produktmerkmale<\/h1>\n<ul class=\"enum\">\n<li>Mechanische Umschaltung von bis zu vier DMX Universes (2048 Kan\u00e4le)<\/li>\n<li>Mechanische Umschaltung von Ethernet (nur &#8222;N&#8220; Version)<\/li>\n<li>Ideal im Zusammenspiel mit der Full Boar 4, Road Hog 4 oder Super Widget<\/li>\n<li>Robustes 2HE 19&#8243; Geh\u00e4use<\/li>\n<li>Passives, netzunabh\u00e4ngiges Ger\u00e4t<\/li>\n<li>Keine Signalbeeintr\u00e4chtigung<\/li>\n<li>Extrem hohe Ausfallsicherheit<\/li>\n<li>Kompatibel zu RDM<\/li>\n<\/ul>\n<\/div>\n<div class=\"one_third last\">\n<div class=\"dlt\" style=\"margin-bottom: 20px;\">\n<h1>Empfohlene Downloads<\/h1>\n<ul>\n<li><a href=\"\/downloads\/Hog4System_Backup4SwitchRS4000N_TechnischeDaten_DE.pdf\"><img src=\"\/wp-content\/themes\/wholehog4\/images\/icon_pdf.png\" \/>Hog4&#8230;RS4000N_TechnischeDaten_DE.pdf<\/a><\/li>\n<li><a href=\"\/downloads\/Hog4System_Backup4SwitchRS4000N_TechnicalData_EN.pdf\"><img src=\"\/wp-content\/themes\/wholehog4\/images\/icon_pdf.png\" \/>Hog4&#8230;RS4000N_TechnicalData_EN.pdf<\/a><\/li>\n<li><a href=\"\/downloads\/Hog4System_Backup4SwitchRS4000_TechnischeDaten_DE.pdf\"><img src=\"\/wp-content\/themes\/wholehog4\/images\/icon_pdf.png\" \/>Hog4&#8230;RS4000_TechnischeDaten_DE.pdf<\/a><\/li>\n<li><a href=\"\/downloads\/Hog4System_Backup4SwitchRS4000_TechnicalData_EN.pdf\"><img src=\"\/wp-content\/themes\/wholehog4\/images\/icon_pdf.png\" \/>Hog4&#8230;RS4000_TechnicalData_EN.pdf<\/a><\/li>\n<li><a href=\"\/downloads\/Hog4System_Vergleich_DE.pdf\"><img src=\"\/wp-content\/themes\/wholehog4\/images\/icon_pdf.png\" \/>Hog4System_Vergleich_DE.pdf<\/a><\/li>\n<li><a href=\"\/downloads\/Hog4System_Comparison_EN.pdf\"><img src=\"\/wp-content\/themes\/wholehog4\/images\/icon_pdf.png\" \/>Hog4System_Comparison_EN.pdf<\/a><\/li>\n<\/ul>\n<p><a class=\"more\" href=\"downloads\">Mehr<\/a><\/p>\n<\/div>\n<div class=\"dlt\" style=\"margin-bottom: 20px;\">\n<h1>Zugeh\u00f6rige Produkte<\/h1>\n<ul>\n<li><img src=\"\/wp-content\/themes\/wholehog4\/images\/icon_lnk.png\" \/><a class=\"dlnk\" href=\"full-boar-4\">Full Boar 4 Konsole<\/a><\/li>\n<li><img src=\"\/wp-content\/themes\/wholehog4\/images\/icon_lnk.png\" \/><a class=\"dlnk\" href=\"road-hog-4\">Road Hog 4 Konsole<\/a><\/li>\n<li><img src=\"\/wp-content\/themes\/wholehog4\/images\/icon_lnk.png\" \/><a class=\"dlnk\" href=\"dmx-super-widget\">DMX Super Widget<\/a><\/li>\n<\/ul>\n<p><a class=\"more\" href=\"products\">Mehr<\/a><\/p>\n<\/div>\n<div class=\"con\">\n<h1>Kontakt<\/h1>\n<p>Nehmen Sie Kontakt mit uns auf f\u00fcr weitere Informationen oder eine Demonstration.<\/p>\n<p>Arcus Licht- und Pr\u00e4sentationstechnik GmbH<br \/>Obermeiers Feld 2-4<br \/>33104 Paderborn<br \/>GERMANY<\/p>\n<p>Telefon: +49 5254 93069-0<br \/>Telefax: +49 5254 93069-29<br \/>Mail: <a href=\"mailto:hog4@arcus-lighting.com\">hog4@arcus-lighting.com<\/a><\/p>\n<\/div>\n<\/div>\n<div class=\"clearboth\"><\/div>\n<p><\/p>","protected":false},"excerpt":{"rendered":"","protected":false},"author":3,"featured_media":0,"parent":0,"menu_order":0,"comment_status":"open","ping_status":"open","template":"","meta":[],"_links":{"self":[{"href":"http:\/\/www.hog4.de\/de\/wp-json\/wp\/v2\/pages\/710"}],"collection":[{"href":"http:\/\/www.hog4.de\/de\/wp-json\/wp\/v2\/pages"}],"about":[{"href":"http:\/\/www.hog4.de\/de\/wp-json\/wp\/v2\/types\/page"}],"author":[{"embeddable":true,"href":"http:\/\/www.hog4.de\/de\/wp-json\/wp\/v2\/users\/3"}],"replies":[{"embeddable":true,"href":"http:\/\/www.hog4.de\/de\/wp-json\/wp\/v2\/comments?post=710"}],"version-history":[{"count":15,"href":"http:\/\/www.hog4.de\/de\/wp-json\/wp\/v2\/pages\/710\/revisions"}],"predecessor-version":[{"id":1776,"href":"http:\/\/www.hog4.de\/de\/wp-json\/wp\/v2\/pages\/710\/revisions\/1776"}],"wp:attachment":[{"href":"http:\/\/www.hog4.de\/de\/wp-json\/wp\/v2\/media?parent=710"}],"curies":[{"name":"wp","href":"https:\/\/api.w.org\/{rel}","templated":true}]}}