{"id":729,"date":"2012-12-04T16:41:58","date_gmt":"2012-12-04T15:41:58","guid":{"rendered":"http:\/\/www.hog4.de\/?page_id=729"},"modified":"2014-02-14T09:34:00","modified_gmt":"2014-02-14T08:34:00","slug":"downloads-backup-4","status":"publish","type":"page","link":"http:\/\/www.hog4.de\/de\/downloads-backup-4","title":{"rendered":"Downloads &#8211; Backup 4"},"content":{"rendered":"<p><\/p>\n<h1>Backup 4 Downloads Archiv<\/h1>\n<table class=\"dlc\" style=\"width:100%\">\n<col style=\"width:90px\" \/>\n<tr>\n<td class=\"c t\"><img src=\"\/wp-content\/themes\/wholehog4\/images\/button_download.png\"><\/td>\n<td>\n<h3>Backup 4 Switch RS 8000N \/ RS 8000 Technische Daten<\/h3>\n<p>Ausstattung, Anschlussm\u00f6glichkeiten, Funktionen und Anschl\u00fcsse.<\/p>\n<table class=\"tbl\">\n<col class=\"name\" \/>\n<col class=\"ver\" \/>\n<col class=\"size\" \/>\n<col class=\"lang\" \/>\n<thead>\n<tr>\n<td>Dateiname<\/td>\n<td>Version<\/td>\n<td>Gr\u00f6\u00dfe<\/td>\n<td>Sprache<\/td>\n<td>&nbsp;<\/td>\n<\/tr>\n<\/thead>\n<tbody>\n<tr>\n<td><img src=\"\/wp-content\/themes\/wholehog4\/images\/icon_pdf.png\" \/>Hog4System_Backup4SwitchRS8000N_TechnischeDaten_DE.pdf<\/td>\n<td>&nbsp;<\/td>\n<td>122 KB<\/td>\n<td>Deutsch<\/td>\n<td><a class=\"dl\" href=\"\/downloads\/Hog4System_Backup4SwitchRS8000N_TechnischeDaten_DE.pdf\">Download<\/a><\/td>\n<\/tr>\n<tr>\n<td><img src=\"\/wp-content\/themes\/wholehog4\/images\/icon_pdf.png\" \/>Hog4System_Backup4SwitchRS8000N_TechnicalData_EN.pdf<\/td>\n<td>&nbsp;<\/td>\n<td>132 KB<\/td>\n<td>Englisch<\/td>\n<td><a class=\"dl\" href=\"\/downloads\/Hog4System_Backup4SwitchRS8000N_TechnicalData_EN.pdf\">Download<\/a><\/td>\n<\/tr>\n<tr>\n<td><img src=\"\/wp-content\/themes\/wholehog4\/images\/icon_pdf.png\" \/>Hog4System_Backup4SwitchRS8000_TechnischeDaten_DE.pdf<\/td>\n<td>&nbsp;<\/td>\n<td>131 KB<\/td>\n<td>Deutsch<\/td>\n<td><a class=\"dl\" href=\"\/downloads\/Hog4System_Backup4SwitchRS8000_TechnischeDaten_DE.pdf\">Download<\/a><\/td>\n<\/tr>\n<tr>\n<td><img src=\"\/wp-content\/themes\/wholehog4\/images\/icon_pdf.png\" \/>Hog4System_Backup4SwitchRS8000_TechnicalData_EN.pdf<\/td>\n<td>&nbsp;<\/td>\n<td>130 KB<\/td>\n<td>Englisch<\/td>\n<td><a class=\"dl\" href=\"\/downloads\/Hog4System_Backup4SwitchRS8000_TechnicalData_EN.pdf\">Download<\/a><\/td>\n<\/tr>\n<\/tbody>\n<\/td>\n<\/tr>\n<\/table>\n<\/td>\n<\/tr>\n<tr>\n<td class=\"hr\" colspan=\"2\">&nbsp;<\/td>\n<\/tr>\n<tr>\n<td class=\"c t\"><img src=\"\/wp-content\/themes\/wholehog4\/images\/button_download.png\"><\/td>\n<td>\n<h3>Backup 4 Switch RS 4000N \/ RS 4000 Technische Daten<\/h3>\n<p>Ausstattung, Anschlussm\u00f6glichkeiten, Funktionen und Anschl\u00fcsse.<\/p>\n<table class=\"tbl\">\n<col class=\"name\" \/>\n<col class=\"ver\" \/>\n<col class=\"size\" \/>\n<col class=\"lang\" \/>\n<thead>\n<tr>\n<td>Dateiname<\/td>\n<td>Version<\/td>\n<td>Gr\u00f6\u00dfe<\/td>\n<td>Sprache<\/td>\n<td>&nbsp;<\/td>\n<\/tr>\n<\/thead>\n<tbody>\n<tr>\n<td><img src=\"\/wp-content\/themes\/wholehog4\/images\/icon_pdf.png\" \/>Hog4System_Backup4SwitchRS4000N_TechnischeDaten_DE.pdf<\/td>\n<td>&nbsp;<\/td>\n<td>112 KB<\/td>\n<td>Deutsch<\/td>\n<td><a class=\"dl\" href=\"\/downloads\/Hog4System_Backup4SwitchRS4000N_TechnischeDaten_DE.pdf\">Download<\/a><\/td>\n<\/tr>\n<tr>\n<td><img src=\"\/wp-content\/themes\/wholehog4\/images\/icon_pdf.png\" \/>Hog4System_Backup4SwitchRS4000N_TechnicalData_EN.pdf<\/td>\n<td>&nbsp;<\/td>\n<td>122 KB<\/td>\n<td>Englisch<\/td>\n<td><a class=\"dl\" href=\"\/downloads\/Hog4System_Backup4SwitchRS4000N_TechnicalData_EN.pdf\">Download<\/a><\/td>\n<\/tr>\n<tr>\n<td><img src=\"\/wp-content\/themes\/wholehog4\/images\/icon_pdf.png\" \/>Hog4System_Backup4SwitchRS4000_TechnischeDaten_DE.pdf<\/td>\n<td>&nbsp;<\/td>\n<td>111 KB<\/td>\n<td>Deutsch<\/td>\n<td><a class=\"dl\" href=\"\/downloads\/Hog4System_Backup4SwitchRS4000_TechnischeDaten_DE.pdf\">Download<\/a><\/td>\n<\/tr>\n<tr>\n<td><img src=\"\/wp-content\/themes\/wholehog4\/images\/icon_pdf.png\" \/>Hog4System_Backup4SwitchRS4000_TechnicalData_EN.pdf<\/td>\n<td>&nbsp;<\/td>\n<td>122 KB<\/td>\n<td>Englisch<\/td>\n<td><a class=\"dl\" href=\"\/downloads\/Hog4System_Backup4SwitchRS4000_TechnicalData_EN.pdf\">Download<\/a><\/td>\n<\/tr>\n<\/tbody>\n<\/td>\n<\/tr>\n<\/table>\n<\/td>\n<\/tr>\n<tr>\n<td class=\"hr\" colspan=\"2\">&nbsp;<\/td>\n<\/tr>\n<tr>\n<td class=\"c t\"><img src=\"\/wp-content\/themes\/wholehog4\/images\/button_download.png\"><\/td>\n<td>\n<h3>Backup 4 Switch PS 4000N \/ PS 4000 Technische Daten<\/h3>\n<p>Ausstattung, Anschlussm\u00f6glichkeiten, Funktionen und Anschl\u00fcsse.<\/p>\n<table class=\"tbl\">\n<col class=\"name\" \/>\n<col class=\"ver\" \/>\n<col class=\"size\" \/>\n<col class=\"lang\" \/>\n<thead>\n<tr>\n<td>Dateiname<\/td>\n<td>Version<\/td>\n<td>Gr\u00f6\u00dfe<\/td>\n<td>Sprache<\/td>\n<td>&nbsp;<\/td>\n<\/tr>\n<\/thead>\n<tbody>\n<tr>\n<td><img src=\"\/wp-content\/themes\/wholehog4\/images\/icon_pdf.png\" \/>Hog4System_Backup4SwitchPS4000N_TechnischeDaten_DE.pdf<\/td>\n<td>&nbsp;<\/td>\n<td>160 KB<\/td>\n<td>Deutsch<\/td>\n<td><a class=\"dl\" href=\"\/downloads\/Hog4System_Backup4SwitchPS4000N_TechnischeDaten_DE.pdf\">Download<\/a><\/td>\n<\/tr>\n<tr>\n<td><img src=\"\/wp-content\/themes\/wholehog4\/images\/icon_pdf.png\" \/>Hog4System_Backup4SwitchPS4000N_TechnicalData_EN.pdf<\/td>\n<td>&nbsp;<\/td>\n<td>171 KB<\/td>\n<td>Englisch<\/td>\n<td><a class=\"dl\" href=\"\/downloads\/Hog4System_Backup4SwitchPS4000N_TechnicalData_EN.pdf\">Download<\/a><\/td>\n<\/tr>\n<tr>\n<td><img src=\"\/wp-content\/themes\/wholehog4\/images\/icon_pdf.png\" \/>Hog4System_Backup4SwitchPS4000_TechnischeDaten_DE.pdf<\/td>\n<td>&nbsp;<\/td>\n<td>161 KB<\/td>\n<td>Deutsch<\/td>\n<td><a class=\"dl\" href=\"\/downloads\/Hog4System_Backup4SwitchPS4000_TechnischeDaten_DE.pdf\">Download<\/a><\/td>\n<\/tr>\n<tr>\n<td><img src=\"\/wp-content\/themes\/wholehog4\/images\/icon_pdf.png\" \/>Hog4System_Backup4SwitchPS4000_TechnicalData_EN.pdf<\/td>\n<td>&nbsp;<\/td>\n<td>172 KB<\/td>\n<td>Englisch<\/td>\n<td><a class=\"dl\" href=\"\/downloads\/Hog4System_Backup4SwitchPS4000_TechnicalData_EN.pdf\">Download<\/a><\/td>\n<\/tr>\n<\/tbody>\n<\/td>\n<\/tr>\n<\/table>\n<\/td>\n<\/tr>\n<tr>\n<td class=\"hr\" colspan=\"2\">&nbsp;<\/td>\n<\/tr>\n<tr>\n<td class=\"c t\"><img src=\"\/wp-content\/themes\/wholehog4\/images\/button_download.png\"><\/td>\n<td>\n<h3>Hog 4 System Vergleichstabelle<\/h3>\n<p>Ausstattungsvergleich aller Konsolen aus der Hog 4 Serie.<\/p>\n<table class=\"tbl\">\n<col class=\"name\" \/>\n<col class=\"ver\" \/>\n<col class=\"size\" \/>\n<col class=\"lang\" \/>\n<thead>\n<tr>\n<td>Dateiname<\/td>\n<td>Version<\/td>\n<td>Gr\u00f6\u00dfe<\/td>\n<td>Sprache<\/td>\n<td>&nbsp;<\/td>\n<\/tr>\n<\/thead>\n<tbody>\n<tr>\n<td><img src=\"\/wp-content\/themes\/wholehog4\/images\/icon_pdf.png\" \/>Hog4System_Vergleich_DE.pdf<\/td>\n<td>&nbsp;<\/td>\n<td>486 KB<\/td>\n<td>Deutsch<\/td>\n<td><a class=\"dl\" href=\"\/downloads\/Hog4System_Vergleich_DE.pdf\">Download<\/a><\/td>\n<\/tr>\n<tr>\n<td><img src=\"\/wp-content\/themes\/wholehog4\/images\/icon_pdf.png\" \/>Hog4System_Comparison_EN.pdf<\/td>\n<td>&nbsp;<\/td>\n<td>485 KB<\/td>\n<td>Englisch<\/td>\n<td><a class=\"dl\" href=\"\/downloads\/Hog4System_Comparison_EN.pdf\">Download<\/a><\/td>\n<\/tr>\n<\/tbody>\n<\/td>\n<\/tr>\n<\/table>\n<\/td>\n<\/tr>\n<\/table>\n<p><\/p>","protected":false},"excerpt":{"rendered":"<p>Backup 4 Downloads Archiv Backup 4 Switch RS 8000N \/ RS 8000 Technische Daten Ausstattung, Anschlussm\u00f6glichkeiten, Funktionen und Anschl\u00fcsse. Dateiname Version Gr\u00f6\u00dfe Sprache &nbsp; Hog4System_Backup4SwitchRS8000N_TechnischeDaten_DE.pdf &nbsp; 122 KB Deutsch Download Hog4System_Backup4SwitchRS8000N_TechnicalData_EN.pdf &nbsp; 132 KB Englisch Download Hog4System_Backup4SwitchRS8000_TechnischeDaten_DE.pdf &nbsp; 131 KB Deutsch Download Hog4System_Backup4SwitchRS8000_TechnicalData_EN.pdf &nbsp; 130 KB Englisch Download &nbsp; Backup 4 Switch RS 4000N \/ [&hellip;]<\/p>\n","protected":false},"author":3,"featured_media":0,"parent":0,"menu_order":0,"comment_status":"open","ping_status":"open","template":"","meta":[],"_links":{"self":[{"href":"http:\/\/www.hog4.de\/de\/wp-json\/wp\/v2\/pages\/729"}],"collection":[{"href":"http:\/\/www.hog4.de\/de\/wp-json\/wp\/v2\/pages"}],"about":[{"href":"http:\/\/www.hog4.de\/de\/wp-json\/wp\/v2\/types\/page"}],"author":[{"embeddable":true,"href":"http:\/\/www.hog4.de\/de\/wp-json\/wp\/v2\/users\/3"}],"replies":[{"embeddable":true,"href":"http:\/\/www.hog4.de\/de\/wp-json\/wp\/v2\/comments?post=729"}],"version-history":[{"count":16,"href":"http:\/\/www.hog4.de\/de\/wp-json\/wp\/v2\/pages\/729\/revisions"}],"predecessor-version":[{"id":1761,"href":"http:\/\/www.hog4.de\/de\/wp-json\/wp\/v2\/pages\/729\/revisions\/1761"}],"wp:attachment":[{"href":"http:\/\/www.hog4.de\/de\/wp-json\/wp\/v2\/media?parent=729"}],"curies":[{"name":"wp","href":"https:\/\/api.w.org\/{rel}","templated":true}]}}