{"id":812,"date":"2012-12-06T13:22:06","date_gmt":"2012-12-06T12:22:06","guid":{"rendered":"http:\/\/www.hog4.de\/?page_id=812"},"modified":"2019-05-24T15:22:31","modified_gmt":"2019-05-24T13:22:31","slug":"processor-8","status":"publish","type":"page","link":"http:\/\/www.hog4.de\/de\/processor-8","title":{"rendered":"DMX Processor 8000"},"content":{"rendered":"<p><\/p>\n<div class=\"two_third\">\n<h1>DMX Prozessor 8000<\/h1>\n<p>Der DMX Prozessor 8000 verarbeitet auf kompromisslose Art und Weise alle showrelevanten Daten und stellt diese in Form von bis zu 16 DMX, Art-Net und E1.3.1 (sACN) Universen zur Verf\u00fcgung.<\/p>\n<p>Hervorzuheben ist, dass die Hog 4 Betriebssoftware selbst nicht limitiert ist in der Anzahl maximaler DMX Kan\u00e4le. Lediglich die Anzahl parallel eingesetzter DMX Prozessoren bestimmt die Anzahl der zur Verf\u00fcgung gestellten DMX Universen f\u00fcr eine Produktion oder Installation.<\/p>\n<p><img src=\"\/wp-content\/themes\/wholehog4\/images\/hog4dp8000foto.jpg\" alt=\"DMX Prozessor 8000\" \/><\/p>\n<p><h1>DMX Prozessor 8000 Produktmerkmale<\/h1>\n<ul class=\"enum\">\n<li>8 XLR 5-pol DMX 512 Ausg\u00e4nge, erweiterbar auf bis zu 16 via Widgets<\/li>\n<li>16 Art-Net und E1.3.1 (sACN) Universen<\/li>\n<li>\u00dcberzeugende Verarbeitung von Cross-Fades und Effekten<\/li>\n<li>Bedieneinheit mit LCD Display und Tasten zur Konfiguration und zum Ger\u00e4tetest<\/li>\n<li>Alle Einstellungen und Funktionen auch remote konfigurierbar<\/li>\n<li>Firmware Update \u00fcber das Netzwerk aktualisierbar<\/li>\n<\/ul>\n<p><h1>DMX Prozessor 8000 Spezifikationen<\/h1>\n<ul class=\"enum\">\n<li>2.0 GHz Intel Dual Core Prozessor mit 1 GByte RAM und 1 GByte Flash<\/li>\n<li>1000 MBit Ethernet<\/li>\n<li>Zwei Ethercon Buchsen f\u00fcr Hog-Net und Fixture-Net<\/li>\n<li>Grafisches LCD Display mit wei\u00dfer Hintergrundbeleuchtung<\/li>\n<li>Umfassende Statusmeldung \u00fcber 7 LEDs<\/li>\n<li>8 x XLR 5pol DMX, 1 x EtherCon f\u00fcr Hog-Net, 1 x EtherCon f\u00fcr Fixture-Net, 2 x USB-A<\/li>\n<li>Netzanschlussbuchste f\u00fcr IEC Inlet Locking Kaltger\u00e4te-Stecker<\/li>\n<li>Hochwertige Aluminium-Panel mit abriebfester Bedruckung<\/li>\n<li>19&#8243; 1HE Ger\u00e4t f\u00fcr die Montage in einem Rack<\/li>\n<li>Kensington Diebstahlschutz<\/li>\n<li>Kompatibel mit Hog 4, Full Boar 4, Road Hog 4, Hog 4 PC,<br \/>Wholehog 3, Road Hog Full Boar, Hog iPC und Hog 3 PC<\/li>\n<\/ul>\n<\/div>\n<div class=\"one_third last\">\n<div class=\"dlt\" style=\"margin-bottom: 20px;\">\n<h1>Hog 4 News<\/h1>\n<p><a href=\"http:\/\/www.facebook.com\/hog4de\" target=\"_blank\"><img src=\"\/wp-content\/themes\/wholehog4\/images\/fb.jpg\" alt=\"Facebook\" \/>facebook.com\/hog4de<\/a>\n<\/div>\n<div class=\"dlt\" style=\"margin-bottom: 20px;\">\n<h1>Empfohlene Downloads<\/h1>\n<ul>\n<li><a class=\"dlnk\" href=\"https:\/\/www.etcconnect.com\/WorkArea\/DownloadAsset.aspx?id=10737509273\"><img src=\"\/wp-content\/themes\/wholehog4\/images\/icon_zip.png\" \/>DP8K_Restore_3-17-0-3327.zip<\/a><\/li>\n<li><a class=\"dlnk\" href=\"https:\/\/www.etcconnect.com\/WorkArea\/DownloadAsset.aspx?id=10737509290\"><img src=\"\/wp-content\/themes\/wholehog4\/images\/icon_pdf.png\" \/>Hog4_v3-17-0-3327_releasenotes.pdf<\/a><\/li>\n<\/ul>\n<p><a class=\"more\" href=\"downloads\">Mehr<\/a><\/p>\n<\/div>\n<div class=\"dlt\" style=\"margin-bottom: 20px;\">\n<h1>Zugeh\u00f6rige Produkte<\/h1>\n<ul>\n<li><img src=\"\/wp-content\/themes\/wholehog4\/images\/icon_lnk.png\" \/><a class=\"dlnk\" href=\"hog-4\">Hog 4 Konsole<\/a><\/li>\n<li><img src=\"\/wp-content\/themes\/wholehog4\/images\/icon_lnk.png\" \/><a class=\"dlnk\" href=\"full-boar-4\">Full Boar 4 Konsole<\/a><\/li>\n<\/ul>\n<p><a class=\"more\" href=\"products\">Mehr<\/a><\/p>\n<\/div>\n<div class=\"con\">\n<h1>Kontakt<\/h1>\n<p>Nehmen Sie Kontakt mit uns auf f\u00fcr weitere Informationen oder eine Demonstration.<\/p>\n<p>Arcus Licht- und Pr\u00e4sentationstechnik GmbH<br \/>Obermeiers Feld 2-4<br \/>33104 Paderborn<br \/>GERMANY<\/p>\n<p>Telefon: +49 5254 93069-0<br \/>Telefax: +49 5254 93069-29<br \/>Mail: <a class=\"dlnk\" href=\"mailto:hog4@arcus-lighting.com\">hog4@arcus-lighting.com<\/a><\/p>\n<\/div>\n<\/div>\n<div class=\"clearboth\"><\/div>\n<p><\/p>","protected":false},"excerpt":{"rendered":"","protected":false},"author":3,"featured_media":0,"parent":0,"menu_order":0,"comment_status":"open","ping_status":"open","template":"","meta":[],"_links":{"self":[{"href":"http:\/\/www.hog4.de\/de\/wp-json\/wp\/v2\/pages\/812"}],"collection":[{"href":"http:\/\/www.hog4.de\/de\/wp-json\/wp\/v2\/pages"}],"about":[{"href":"http:\/\/www.hog4.de\/de\/wp-json\/wp\/v2\/types\/page"}],"author":[{"embeddable":true,"href":"http:\/\/www.hog4.de\/de\/wp-json\/wp\/v2\/users\/3"}],"replies":[{"embeddable":true,"href":"http:\/\/www.hog4.de\/de\/wp-json\/wp\/v2\/comments?post=812"}],"version-history":[{"count":46,"href":"http:\/\/www.hog4.de\/de\/wp-json\/wp\/v2\/pages\/812\/revisions"}],"predecessor-version":[{"id":2518,"href":"http:\/\/www.hog4.de\/de\/wp-json\/wp\/v2\/pages\/812\/revisions\/2518"}],"wp:attachment":[{"href":"http:\/\/www.hog4.de\/de\/wp-json\/wp\/v2\/media?parent=812"}],"curies":[{"name":"wp","href":"https:\/\/api.w.org\/{rel}","templated":true}]}}