{"id":936,"date":"2012-12-11T15:39:26","date_gmt":"2012-12-11T14:39:26","guid":{"rendered":"http:\/\/www.hog4.de\/?page_id=936"},"modified":"2015-09-01T10:45:46","modified_gmt":"2015-09-01T08:45:46","slug":"dmx-super-widget","status":"publish","type":"page","link":"http:\/\/www.hog4.de\/de\/dmx-super-widget","title":{"rendered":"DMX Super Widget"},"content":{"rendered":"<p><\/p>\n<div class=\"two_third\">\n<h1>DMX Super Widget<\/h1>\n<p>Untergebracht in einem robusten und zugleich stapelbaren Tischgeh\u00e4use stellt das DMX Super Widget vier Universen einer Hog 4 OS Konsole an vier DMX 512 Ausg\u00e4ngen zur Verf\u00fcgung. In Verbindung mit der Hog 4 PC Software stellt ein DMX Super Widget ebenfalls vier volle DMX Universen bereit. Bis zu zwei DMX Super Widgets k\u00f6nnen gleichzeitig im Verbund acht Universen einer Hog 4, Full Boar 4 und Hog 4 PC als DMX 512 ausgeben, was eine ideale Konfiguration f\u00fcr Backup oder Playback Only Anwendungen darstellt.<\/p>\n<p>Erg\u00e4nzt man das Setup um eine Nano Hog 4, Playback Wing 4 oder Master Wing 4, lassen sich daraus sehr gut zugeschnittene und zugleich m\u00e4chtige Kontroller L\u00f6sungen herstellen.<\/p>\n<p>Hervorzuheben ist, dass im Zusammenspiel mit einem Windows Rechner und Hog 4 PC ein Super Widget zugleich auch die Ausgabe von vier Art-Net und E1.3.1 (sACN) an einem Netzwerkausgang des PCs oder Notebooks frei gibt.<\/p>\n<p><img src=\"\/wp-content\/themes\/wholehog4\/images\/dmxsuperwidgetfoto.jpg\" alt=\"DMX Super Widget\" \/><\/p>\n<p><h1>DMX Super Widget Produktmerkmale<\/h1>\n<ul class=\"enum\">\n<li>USB Verbindung zu Hog 4, Full Boar 4, Road Hog 4 und Hog 4 PC Computer<\/li>\n<li>4 x XLR 5-pol DMX 512 Ausg\u00e4nge<\/li>\n<li>Bis zu zwei DMX Super Widgets k\u00f6nnen an den Konsolen und DMX Prozessoren betrieben werden (ausgenommen Road Hog 4 mit nur einem DMX Super Widget)<\/li>\n<\/ul>\n<p><h1>DMX Super Widget Spezifikationen<\/h1>\n<ul class=\"enum\">\n<li>Ausgabe von bis zu 2048 DMX Kan\u00e4len<\/li>\n<li>Statusmeldung \u00fcber LEDs<\/li>\n<li>4 x XLR 5pol DMX, 1 x USB-B<\/li>\n<li>Hochwertige Aluminium-Panel mit abriebfester Bedruckung<\/li>\n<li>Robustes und zugleich stapelbares Tischger\u00e4t<\/li>\n<li>Kensington Diebstahlschutz<\/li>\n<li>Externes Netzteil im Lieferumfang enthalten<\/li>\n<li>Kompatiebel mit Hog 4, Full Boar 4, Road Hog 4, Hog 4 PC,<br \/>Wholehog 3, Road Hog Full Boar, Hog iPC und Hog 3 PC<\/li>\n<\/ul>\n<\/div>\n<div class=\"one_third last\">\n<div class=\"dlt\" style=\"margin-bottom: 20px;\">\n<h1>Hog 4 News<\/h1>\n<p><a href=\"http:\/\/www.facebook.com\/hog4de\" target=\"_blank\"><img src=\"\/wp-content\/themes\/wholehog4\/images\/fb.jpg\" alt=\"Facebook\" \/>facebook.com\/hog4de<\/a>\n<\/div>\n<div class=\"dlt\" style=\"margin-bottom: 20px;\">\n<h1>Empfohlene Downloads<\/h1>\n<ul>\n<li><a class=\"dlnk\" href=\"http:\/\/www.highend.com\/pub\/support\/controllers\/software\/Hog4PC_3-17-0-3327.msi\"><img src=\"\/wp-content\/themes\/wholehog4\/images\/icon_msi.png\" \/>Hog4PC_3-17-0-3327.msi<\/a><\/li>\n<\/ul>\n<p><a class=\"more\" href=\"downloads\">Mehr<\/a><\/p>\n<\/div>\n<div class=\"dlt\" style=\"margin-bottom: 20px;\">\n<h1>Zugeh\u00f6rige Produkte<\/h1>\n<ul>\n<li><img src=\"\/wp-content\/themes\/wholehog4\/images\/icon_lnk.png\" \/><a class=\"dlnk\" href=\"hog-4\">Hog 4 Konsole<\/a><\/li>\n<li><img src=\"\/wp-content\/themes\/wholehog4\/images\/icon_lnk.png\" \/><a class=\"dlnk\" href=\"hog-4-pc\">Hog 4 PC<\/a><\/li>\n<li><img src=\"\/wp-content\/themes\/wholehog4\/images\/icon_lnk.png\" \/><a class=\"dlnk\" href=\"processor-8\">DP 8000 Prozessor<\/a><\/li>\n<\/ul>\n<p><a class=\"more\" href=\"products\">Mehr<\/a><\/p>\n<\/div>\n<div class=\"dlt\" style=\"margin-bottom: 20px;\">\n<h1>Empfohlenes Zubeh\u00f6r<\/h1>\n<p><img src=\"\/wp-content\/themes\/wholehog4\/images\/widgetholderadvert.jpg\" alt=\"DMX Super Widget MIDI\/LTC Widget Holder\" \/><\/p>\n<ul>\n<li><img src=\"\/wp-content\/themes\/wholehog4\/images\/icon_lnk.png\" \/><a class=\"dlnk\" href=\"widget-holder\">DMX Super Widget MIDI\/LTC Widget Holder<\/a><\/li>\n<\/ul>\n<p><a class=\"more\" href=\"products\">Mehr<\/a><\/p>\n<\/div>\n<div class=\"con\">\n<h1>Kontakt<\/h1>\n<p>Nehmen Sie Kontakt mit uns auf f\u00fcr weitere Informationen oder eine Demonstration.<\/p>\n<p>Arcus Licht- und Pr\u00e4sentationstechnik GmbH<br \/>Obermeiers Feld 2-4<br \/>33104 Paderborn<br \/>GERMANY<\/p>\n<p>Telefon: +49 5254 93069-0<br \/>Telefax: +49 5254 93069-29<br \/>Mail: <a href=\"mailto:hog4@arcus-lighting.com\">hog4@arcus-lighting.com<\/a><\/p>\n<\/div>\n<\/div>\n<div class=\"clearboth\"><\/div>\n<p><\/p>","protected":false},"excerpt":{"rendered":"","protected":false},"author":3,"featured_media":0,"parent":0,"menu_order":0,"comment_status":"open","ping_status":"open","template":"","meta":[],"_links":{"self":[{"href":"http:\/\/www.hog4.de\/de\/wp-json\/wp\/v2\/pages\/936"}],"collection":[{"href":"http:\/\/www.hog4.de\/de\/wp-json\/wp\/v2\/pages"}],"about":[{"href":"http:\/\/www.hog4.de\/de\/wp-json\/wp\/v2\/types\/page"}],"author":[{"embeddable":true,"href":"http:\/\/www.hog4.de\/de\/wp-json\/wp\/v2\/users\/3"}],"replies":[{"embeddable":true,"href":"http:\/\/www.hog4.de\/de\/wp-json\/wp\/v2\/comments?post=936"}],"version-history":[{"count":38,"href":"http:\/\/www.hog4.de\/de\/wp-json\/wp\/v2\/pages\/936\/revisions"}],"predecessor-version":[{"id":2131,"href":"http:\/\/www.hog4.de\/de\/wp-json\/wp\/v2\/pages\/936\/revisions\/2131"}],"wp:attachment":[{"href":"http:\/\/www.hog4.de\/de\/wp-json\/wp\/v2\/media?parent=936"}],"curies":[{"name":"wp","href":"https:\/\/api.w.org\/{rel}","templated":true}]}}